{"id":10668,"date":"2022-03-01T21:47:19","date_gmt":"2022-03-01T18:47:19","guid":{"rendered":"https:\/\/sunselcare.com\/?post_type=product&#038;p=10668"},"modified":"2025-04-14T01:20:16","modified_gmt":"2025-04-13T22:20:16","slug":"mymeddmask-maske-mavi-5-adet","status":"publish","type":"product","link":"https:\/\/sunselcare.com\/en\/shop\/mymeddmask-maske-mavi-5-adet\/","title":{"rendered":"MymeddMask Mask Blue 5 Pieces"},"content":{"rendered":"<ul>\n<li><strong>Three layer<\/strong><\/li>\n<li><strong>Filtering Efficiency Bfe&gt; 98%<\/strong><\/li>\n<li><b>Non Woven Material<\/b><\/li>\n<li><strong>Seamless<\/strong><\/li>\n<li><strong>Produced and Packed Untouched<\/strong><\/li>\n<li><strong>Does not contain latex<\/strong><\/li>\n<li><strong>Soft Surface Does Not Irritate Skin<\/strong><\/li>\n<li><strong>Easy to Breathe<\/strong><\/li>\n<li><strong>Ear Elastic<\/strong><\/li>\n<li><strong>Adjustable Nose Wire<\/strong><\/li>\n<li><strong>Disposable<\/strong><\/li>\n<\/ul>","protected":false},"excerpt":{"rendered":"<p>It is produced and packaged untouched with a filtering feature of bacteria and viruses up to 98%, produced in accordance with 3-layer EN 14683-Type II standards.<\/p>","protected":false},"featured_media":10669,"comment_status":"open","ping_status":"closed","template":"","meta":[],"yoast_head":"<!-- This site is optimized with the Yoast SEO plugin v15.2.1 - https:\/\/yoast.com\/wordpress\/plugins\/seo\/ -->\n<title>MymeddMask Maske Mavi 5 Adet | Sunsel Care<\/title>\n<meta name=\"robots\" content=\"index, follow, max-snippet:-1, max-image-preview:large, max-video-preview:-1\" \/>\n<link rel=\"canonical\" href=\"https:\/\/sunselcare.com\/en\/shop\/mymeddmask-maske-mavi-5-adet\/\" \/>\n<meta property=\"og:locale\" content=\"en_GB\" \/>\n<meta property=\"og:type\" content=\"article\" \/>\n<meta property=\"og:title\" content=\"MymeddMask Maske Mavi 5 Adet | Sunsel Care\" \/>\n<meta property=\"og:description\" content=\"3 Katmanl\u0131 EN 14683-Type II standartlar\u0131na uygun \u00fcretilmi\u015f bakteri ve vir\u00fcsleri &gt;98% filtreleme \u00f6zellikli el de\u011fmeden \u00fcretilen ve paketlenir.\" \/>\n<meta property=\"og:url\" content=\"https:\/\/sunselcare.com\/en\/shop\/mymeddmask-maske-mavi-5-adet\/\" \/>\n<meta property=\"og:site_name\" content=\"Sunsel Care\" \/>\n<meta property=\"article:modified_time\" content=\"2025-04-13T22:20:16+00:00\" \/>\n<meta property=\"og:image\" content=\"https:\/\/sunselcare.com\/wp-content\/uploads\/2022\/03\/Mavi_maske_5.png\" \/>\n\t<meta property=\"og:image:width\" content=\"487\" \/>\n\t<meta property=\"og:image:height\" content=\"344\" \/>\n<meta name=\"twitter:card\" content=\"summary_large_image\" \/>\n<meta name=\"twitter:label1\" content=\"Written by\">\n\t<meta name=\"twitter:data1\" content=\"barkininal\">\n\t<meta name=\"twitter:label2\" content=\"Estimated reading time\">\n\t<meta name=\"twitter:data2\" content=\"0 minutes\">\n<script type=\"application\/ld+json\" class=\"yoast-schema-graph\">{\"@context\":\"https:\/\/schema.org\",\"@graph\":[{\"@type\":\"Organization\",\"@id\":\"https:\/\/sunselcare.com\/#organization\",\"name\":\"Sunsel Care\",\"url\":\"https:\/\/sunselcare.com\/\",\"sameAs\":[],\"logo\":{\"@type\":\"ImageObject\",\"@id\":\"https:\/\/sunselcare.com\/#logo\",\"inLanguage\":\"en-GB\",\"url\":\"https:\/\/sunselcare.com\/wp-content\/uploads\/2020\/12\/care.png\",\"width\":719,\"height\":645,\"caption\":\"Sunsel Care\"},\"image\":{\"@id\":\"https:\/\/sunselcare.com\/#logo\"}},{\"@type\":\"WebSite\",\"@id\":\"https:\/\/sunselcare.com\/#website\",\"url\":\"https:\/\/sunselcare.com\/\",\"name\":\"Sunsel Care\",\"description\":\"\",\"publisher\":{\"@id\":\"https:\/\/sunselcare.com\/#organization\"},\"potentialAction\":[{\"@type\":\"SearchAction\",\"target\":\"https:\/\/sunselcare.com\/?s={search_term_string}\",\"query-input\":\"required name=search_term_string\"}],\"inLanguage\":\"en-GB\"},{\"@type\":\"ImageObject\",\"@id\":\"https:\/\/sunselcare.com\/shop\/mymeddmask-maske-mavi-5-adet\/#primaryimage\",\"inLanguage\":\"en-GB\",\"url\":\"https:\/\/sunselcare.com\/wp-content\/uploads\/2022\/03\/Mavi_maske_5.png\",\"width\":487,\"height\":344,\"caption\":\"Mavi_maske_5\"},{\"@type\":\"WebPage\",\"@id\":\"https:\/\/sunselcare.com\/shop\/mymeddmask-maske-mavi-5-adet\/#webpage\",\"url\":\"https:\/\/sunselcare.com\/shop\/mymeddmask-maske-mavi-5-adet\/\",\"name\":\"MymeddMask Maske Mavi 5 Adet | Sunsel Care\",\"isPartOf\":{\"@id\":\"https:\/\/sunselcare.com\/#website\"},\"primaryImageOfPage\":{\"@id\":\"https:\/\/sunselcare.com\/shop\/mymeddmask-maske-mavi-5-adet\/#primaryimage\"},\"datePublished\":\"2022-03-01T18:47:19+00:00\",\"dateModified\":\"2025-04-13T22:20:16+00:00\",\"inLanguage\":\"en-GB\",\"potentialAction\":[{\"@type\":\"ReadAction\",\"target\":[\"https:\/\/sunselcare.com\/shop\/mymeddmask-maske-mavi-5-adet\/\"]}]}]}<\/script>\n<!-- \/ Yoast SEO plugin. -->","_links":{"self":[{"href":"https:\/\/sunselcare.com\/en\/wp-json\/wp\/v2\/product\/10668"}],"collection":[{"href":"https:\/\/sunselcare.com\/en\/wp-json\/wp\/v2\/product"}],"about":[{"href":"https:\/\/sunselcare.com\/en\/wp-json\/wp\/v2\/types\/product"}],"replies":[{"embeddable":true,"href":"https:\/\/sunselcare.com\/en\/wp-json\/wp\/v2\/comments?post=10668"}],"wp:featuredmedia":[{"embeddable":true,"href":"https:\/\/sunselcare.com\/en\/wp-json\/wp\/v2\/media\/10669"}],"wp:attachment":[{"href":"https:\/\/sunselcare.com\/en\/wp-json\/wp\/v2\/media?parent=10668"}],"curies":[{"name":"wp","href":"https:\/\/api.w.org\/{rel}","templated":true}]}}