{"id":3106,"date":"2021-03-08T09:46:10","date_gmt":"2021-03-08T06:46:10","guid":{"rendered":"http:\/\/demo.drfuri.com\/mrbara\/?page_id=3106"},"modified":"2021-03-21T19:14:12","modified_gmt":"2021-03-21T16:14:12","slug":"ana-sayfa","status":"publish","type":"page","link":"https:\/\/sunselcare.com\/en\/","title":{"rendered":"Home page"},"content":{"rendered":"<p>[vc_row full_width=&#8221;stretch_row_content_no_spaces&#8221;][vc_column][rev_slider_vc alias=&#8221;mrbara-home-sidebar&#8221;][\/vc_column][\/vc_row][vc_row css=&#8221;.vc_custom_1613060525242{padding-top: 30px !important;padding-bottom: 50px !important;background-color: #ffffff !important;}&#8221;][vc_column css=&#8221;.vc_custom_1613049622178{margin-bottom: 20px !important;border-bottom-width: 20px !important;}&#8221;][vc_column_text css=&#8221;.vc_custom_1616341711686{border-bottom-width: 20px !important;}&#8221;]<\/p>\n<h3 style=\"text-align: center;\">Why Standards Compliant Filtering Masks Should Be Used | Sunsel Care<\/h3>\n<p>[\/vc_column_text][\/vc_column][vc_column width=&#8221;1\/2&#8243;][vc_column_text]<\/p>\n<p style=\"text-align: justify;\">Particles carrying bacteria and viruses that cause infectious diseases are dispersed into the air during speech, breathing, coughing and sneezing by asymptomatic persons carrying the disease. Not wearing the correct mask and \/ or mask causes healthy people to be exposed to these airborne infectious disease-carrying particles at the highest degree. The use of international standard masks minimizes the risk of exposure to these particles.<\/p>\n<p>&nbsp;<\/p>\n<p style=\"text-align: justify;\">The explanations of experts in many countries can be provided by using BFE&gt; 98%, KN95, N95, FFP2 OR FFP3 quality masks to prevent the transmission of viruses and bacteria to others. Likewise, the risk of contamination of the disease is minimized by using certified, standard-compliant masks in the same way for healthy people. Sunsel Care produces filter masks that comply with high standards.<\/p>\n<p>[\/vc_column_text][\/vc_column][vc_column width=&#8221;1\/2&#8243;][vc_single_image image=&#8221;10466&#8243; img_size=&#8221;500&#215;321&#8243; alignment=&#8221;center&#8221;][\/vc_column][\/vc_row][vc_row css=&#8221;.vc_custom_1613060859875{margin-top: 30px !important;padding-top: 50px !important;}&#8221;][vc_column width=&#8221;1\/12&#8243;][\/vc_column][vc_column width=&#8221;10\/12&#8243;]<div class=\"video-banner  video-style1\">\r\n\t\t\t\t<div class=\"banner-content\">\r\n\t\t\t\t\t<video height=\"490\" preload=\"none\" poster=\"https:\/\/sunselcare.com\/wp-content\/uploads\/2021\/02\/mask-machine.png\" loop muted>\r\n\t\t\t\t\t\t<source src=\"https:\/\/sunselcare.com\/wp-content\/uploads\/2021\/02\/maskevideo.mp4\" type=\"video\/mp4\">\r\n\t\t\t\t\t<\/video>\r\n\t\t\t\t\t  <div class=\"status\">\r\n\t\t\t\t<h3 class=\"text-play\">Play<\/h3><h3 class=\"text-pause\">Pause<\/h3>\r\n\t\t\t\t<i class=\"ion-ios-play\"><\/i>\r\n\t\t\t<\/div>\r\n                <\/div>\r\n\t\t\t<\/div>[\/vc_column][vc_column width=&#8221;1\/12&#8243;][\/vc_column][\/vc_row][vc_row css=&#8221;.vc_custom_1613061308367{margin-top: -150px !important;padding-top: 225px !important;background-color: #22c6cf !important;}&#8221;][vc_column]<div class=\"mrbara-heading    vc_custom_1616341770241 text-large heading-style4\"><div class=\"row\"><div class=\"col-left  col-xs-2 col-md-1 col-sm-1\"><div class=\"mr-vertical-line\" style=\"background-color:#ffffff\"><\/div><\/div><div class=\"col-right col-xs-10 col-md-11 col-sm-11\"><div class=\"title\" style=\"font-size:36px;font-weight:300;color:#ffffff\"><p>Why is that <span class=\"bold\"> MymeddMASK<\/span> Should it be used? | Sunsel Care<\/p>\n<\/div><\/div><\/div><\/div>[vc_row_inner][vc_column_inner width=&#8221;1\/12&#8243;][\/vc_column_inner][vc_column_inner width=&#8221;9\/12&#8243;][vc_column_text]<\/p>\n<p style=\"color: white; text-align: justify;\">95% of the masks on the market are of low quality, non-compliant with hygiene rules, and most importantly, they can only be used as a dust mask under the name of medical masks, and they do not have any bacteria \/ virus filtering feature.<\/p>\n<p>&nbsp;<\/p>\n<p style=\"color: white; text-align: justify;\">The production of disposable 3-layer meltblown filter medical masks is made in accordance with the standards by using ultrasonic fully automatic production and packaging system. In the laboratory accredited by the European Accreditation Association (EA) and the International Laboratory Accreditation Association (\u0130LAC) by Sunsel Care; It has passed all of the EN14683 type IIR conformity tests applied to our medical masks we manufacture.<\/p>\n<p>&nbsp;<\/p>\n<p style=\"color: white; text-align: justify;\">In this direction, we have decided to make this investment with the aim of offering the right product to our society and offering a reliable mask produced in a healthier environment and more protected against the current covit-19 virus.<\/p>\n<p>[\/vc_column_text][\/vc_column_inner][vc_column_inner width=&#8221;2\/12&#8243;][\/vc_column_inner][\/vc_row_inner][vc_row_inner css=&#8221;.vc_custom_1613232068020{padding-top: 90px !important;padding-bottom: 90px !important;background-color: #22c6cf !important;}&#8221;][vc_column_inner width=&#8221;1\/12&#8243;][\/vc_column_inner][vc_column_inner width=&#8221;1\/4&#8243;]<div class=\"feature-box  style-1\"><div class=\"title\" ><p>Ultrasonic Fully Automatic Production<\/p>\n<\/div><div class=\"desc\" style=\"color: #ffffff\">It is the production of masks with the ultrasonic system without touching the hygiene conditions and packaging the products in bags in 10 pieces in the Flow Packetting device without touching the hand.<\/div><\/div>[\/vc_column_inner][vc_column_inner width=&#8221;1\/12&#8243;][\/vc_column_inner][vc_column_inner width=&#8221;1\/4&#8243;]<div class=\"feature-box  style-1\"><div class=\"title\" ><p> TS EN 14683 Standards<\/p>\n<\/div><div class=\"desc\" style=\"color: #ffffff\">They are the masks with CE certificate. It is used in operating rooms and medical environments with similar features.<\/div><\/div>[\/vc_column_inner][vc_column_inner width=&#8221;1\/12&#8243;][\/vc_column_inner][vc_column_inner width=&#8221;1\/4&#8243;]<div class=\"feature-box  style-1\"><div class=\"title\" ><p>3 Layer Bacteria \/ Virus Filtering<\/p>\n<\/div><div class=\"desc\" style=\"color: #ffffff\">Our Medimask masks are 3-layered, non-woven SS bond fabric inside and outside, meltblown in the middle (nonwoven fabric that filters bacteria and viruses) is used.<\/div><\/div>[\/vc_column_inner][\/vc_row_inner][\/vc_column][\/vc_row][vc_row css=&#8221;.vc_custom_1613134448770{background-color: #ffffff !important;}&#8221;][vc_column][vc_row_inner css=&#8221;.vc_custom_1613239964154{padding-top: 60px !important;}&#8221;][vc_column_inner width=&#8221;1\/2&#8243; offset=&#8221;vc_col-lg-3&#8243; css=&#8221;.vc_custom_1472183688178{padding-bottom: 30px !important;}&#8221;][vc_hoverbox image=&#8221;10572&#8243; primary_title=&#8221;3 Katl\u0131&#8221; primary_title_font_container=&#8221;font_size:32px|color:%23ffffff&#8221; primary_title_use_theme_fonts=&#8221;yes&#8221; hover_title=&#8221;&#8221; hover_background_color=&#8221;custom&#8221; use_custom_fonts_primary_title=&#8221;true&#8221; hover_custom_background=&#8221;#22c6cf&#8221;]<\/p>\n<p style=\"font-size: 120%; color: white;\">SS Bond Non Woven fabric is used inside and outside of our mask, and Meltblown fabric is used in the middle.<\/p>\n<p>[\/vc_hoverbox][\/vc_column_inner][vc_column_inner width=&#8221;1\/2&#8243; offset=&#8221;vc_col-lg-3&#8243; css=&#8221;.vc_custom_1472183694185{padding-bottom: 30px !important;}&#8221;][vc_hoverbox image=&#8221;10574&#8243; primary_title=&#8221;Bfe&gt;98%&#8221; primary_title_font_container=&#8221;font_size:32px|color:%23ffffff&#8221; primary_title_use_theme_fonts=&#8221;yes&#8221; hover_title=&#8221;&#8221; hover_background_color=&#8221;custom&#8221; use_custom_fonts_primary_title=&#8221;true&#8221; hover_custom_background=&#8221;#22c6cf&#8221;]<\/p>\n<p style=\"font-size: 120%; color: white;\">Our masks protect against bacteria and viruses at least 98 percent.<\/p>\n<p>[\/vc_hoverbox][\/vc_column_inner][vc_column_inner width=&#8221;1\/2&#8243; offset=&#8221;vc_col-lg-3&#8243; css=&#8221;.vc_custom_1472183701802{padding-bottom: 30px !important;}&#8221;][vc_hoverbox image=&#8221;10576&#8243; primary_title=&#8221;Dokumas\u0131z Materyal&#8221; primary_title_font_container=&#8221;font_size:32px|color:%23ffffff&#8221; primary_title_use_theme_fonts=&#8221;yes&#8221; hover_title=&#8221;&#8221; hover_background_color=&#8221;custom&#8221; use_custom_fonts_primary_title=&#8221;true&#8221; hover_custom_background=&#8221;#22c6cf&#8221;]<\/p>\n<p style=\"font-size: 120%; color: white;\">Non Woven fibers are a type of fabric produced by combining heat and chemical methods.<\/p>\n<p>[\/vc_hoverbox][\/vc_column_inner][vc_column_inner width=&#8221;1\/2&#8243; offset=&#8221;vc_col-lg-3&#8243; css=&#8221;.vc_custom_1472183707122{padding-bottom: 30px !important;}&#8221;][vc_hoverbox image=&#8221;10575&#8243; primary_title=&#8221;Diki\u015fsiz&#8221; primary_title_font_container=&#8221;font_size:32px|color:%23ffffff&#8221; primary_title_use_theme_fonts=&#8221;yes&#8221; hover_title=&#8221;&#8221; hover_background_color=&#8221;custom&#8221; use_custom_fonts_primary_title=&#8221;true&#8221; hover_custom_background=&#8221;#22c6cf&#8221;]<\/p>\n<p style=\"font-size: 120%; color: white;\">Our masks are combined with a special combination method without the use of thread and glue.<\/p>\n<p>[\/vc_hoverbox][\/vc_column_inner][\/vc_row_inner][\/vc_column][\/vc_row][vc_row css=&#8221;.vc_custom_1613134448770{background-color: #ffffff !important;}&#8221;][vc_column][vc_row_inner css=&#8221;.vc_custom_1613239969635{padding-top: 60px !important;}&#8221;][vc_column_inner width=&#8221;1\/2&#8243; offset=&#8221;vc_col-lg-3&#8243; css=&#8221;.vc_custom_1472183688178{padding-bottom: 30px !important;}&#8221;][vc_hoverbox image=&#8221;10577&#8243; primary_title=&#8221;El De\u011fmeden \u00dcretim&#8221; primary_title_font_container=&#8221;font_size:32px|color:%23ffffff&#8221; primary_title_use_theme_fonts=&#8221;yes&#8221; hover_title=&#8221;&#8221; hover_background_color=&#8221;custom&#8221; use_custom_fonts_primary_title=&#8221;true&#8221; hover_custom_background=&#8221;#22c6cf&#8221;]<\/p>\n<p style=\"font-size: 120%; color: white;\">Our mask is produced in the automation system without human touch and is packaged in 5 and 10 packages on the production line.<\/p>\n<p>[\/vc_hoverbox][\/vc_column_inner][vc_column_inner width=&#8221;1\/2&#8243; offset=&#8221;vc_col-lg-3&#8243; css=&#8221;.vc_custom_1472183694185{padding-bottom: 30px !important;}&#8221;][vc_hoverbox image=&#8221;10578&#8243; primary_title=&#8221;Lateks \u0130\u00e7ermez&#8221; primary_title_font_container=&#8221;font_size:32px|color:%23ffffff&#8221; primary_title_use_theme_fonts=&#8221;yes&#8221; hover_title=&#8221;&#8221; hover_background_color=&#8221;custom&#8221; use_custom_fonts_primary_title=&#8221;true&#8221; hover_custom_background=&#8221;#22c6cf&#8221;]<\/p>\n<p style=\"font-size: 120%; color: white;\">Our masks do not contain latex products<\/p>\n<p>[\/vc_hoverbox][\/vc_column_inner][vc_column_inner width=&#8221;1\/2&#8243; offset=&#8221;vc_col-lg-3&#8243; css=&#8221;.vc_custom_1472183701802{padding-bottom: 30px !important;}&#8221;][vc_hoverbox image=&#8221;10585&#8243; primary_title=&#8221;Cildinizi Tahri\u015f Etmez&#8221; primary_title_font_container=&#8221;font_size:32px|color:%23ffffff&#8221; primary_title_use_theme_fonts=&#8221;yes&#8221; hover_title=&#8221;&#8221; hover_background_color=&#8221;custom&#8221; use_custom_fonts_primary_title=&#8221;true&#8221; hover_custom_background=&#8221;#22c6cf&#8221;]<\/p>\n<p style=\"font-size: 120%; color: white;\">The fabrics used in our masks are soft and do not irritate your skin due to use.<\/p>\n<p>[\/vc_hoverbox][\/vc_column_inner][vc_column_inner width=&#8221;1\/2&#8243; offset=&#8221;vc_col-lg-3&#8243; css=&#8221;.vc_custom_1472183707122{padding-bottom: 30px !important;}&#8221;][vc_hoverbox image=&#8221;10579&#8243; primary_title=&#8221;Nefes Alman\u0131z\u0131 Engellemez&#8221; primary_title_font_container=&#8221;font_size:32px|color:%23ffffff&#8221; primary_title_use_theme_fonts=&#8221;yes&#8221; hover_title=&#8221;&#8221; hover_background_color=&#8221;custom&#8221; use_custom_fonts_primary_title=&#8221;true&#8221; hover_custom_background=&#8221;#22c6cf&#8221;]<\/p>\n<p style=\"font-size: 120%; color: white;\">SS bond and meltblown fabrics used in our masks do not make it difficult to breathe on the back of your mask.<\/p>\n<p>[\/vc_hoverbox][\/vc_column_inner][\/vc_row_inner][\/vc_column][\/vc_row][vc_row css=&#8221;.vc_custom_1613134448770{background-color: #ffffff !important;}&#8221;][vc_column][vc_row_inner css=&#8221;.vc_custom_1472183678210{padding-top: 60px !important;padding-bottom: 20px !important;}&#8221;][vc_column_inner width=&#8221;1\/2&#8243; offset=&#8221;vc_col-lg-3&#8243; css=&#8221;.vc_custom_1472183688178{padding-bottom: 30px !important;}&#8221;][vc_hoverbox image=&#8221;10573&#8243; primary_title=&#8221;Alerji Yapmaz&#8221; primary_title_font_container=&#8221;font_size:32px|color:%23ffffff&#8221; primary_title_use_theme_fonts=&#8221;yes&#8221; hover_title=&#8221;&#8221; hover_background_color=&#8221;custom&#8221; use_custom_fonts_primary_title=&#8221;true&#8221; hover_custom_background=&#8221;#22c6cf&#8221;]<\/p>\n<p style=\"font-size: 120%; color: white;\">Our mask does not cause allergies.<\/p>\n<p>[\/vc_hoverbox][\/vc_column_inner][vc_column_inner width=&#8221;1\/2&#8243; offset=&#8221;vc_col-lg-3&#8243; css=&#8221;.vc_custom_1472183694185{padding-bottom: 30px !important;}&#8221;][vc_hoverbox image=&#8221;10581&#8243; primary_title=&#8221;Lastik Kulakl\u0131k&#8221; primary_title_font_container=&#8221;font_size:32px|color:%23ffffff&#8221; primary_title_use_theme_fonts=&#8221;yes&#8221; hover_title=&#8221;&#8221; hover_background_color=&#8221;custom&#8221; use_custom_fonts_primary_title=&#8221;true&#8221; hover_custom_background=&#8221;#22c6cf&#8221;]<\/p>\n<p style=\"font-size: 120%; color: white;\">Our masks protect against bacteria and viruses by 98 percent.<\/p>\n<p>[\/vc_hoverbox][\/vc_column_inner][vc_column_inner width=&#8221;1\/2&#8243; offset=&#8221;vc_col-lg-3&#8243; css=&#8221;.vc_custom_1472183701802{padding-bottom: 30px !important;}&#8221;][vc_hoverbox image=&#8221;10575&#8243; primary_title=&#8221;Ayarlanablir Burun Teli&#8221; primary_title_font_container=&#8221;font_size:32px|color:%23ffffff&#8221; primary_title_use_theme_fonts=&#8221;yes&#8221; hover_title=&#8221;&#8221; hover_background_color=&#8221;custom&#8221; use_custom_fonts_primary_title=&#8221;true&#8221; hover_custom_background=&#8221;#22c6cf&#8221;]<\/p>\n<p style=\"font-size: 120%; color: white;\">Non Woven fibers are a type of fabric produced by combining heat and chemical methods.<\/p>\n<p>[\/vc_hoverbox][\/vc_column_inner][vc_column_inner width=&#8221;1\/2&#8243; offset=&#8221;vc_col-lg-3&#8243; css=&#8221;.vc_custom_1472183707122{padding-bottom: 30px !important;}&#8221;][vc_hoverbox image=&#8221;10580&#8243; primary_title=&#8221;Tek kullan\u0131ml\u0131k&#8221; primary_title_font_container=&#8221;font_size:32px|color:%23ffffff&#8221; primary_title_use_theme_fonts=&#8221;yes&#8221; hover_title=&#8221;&#8221; hover_background_color=&#8221;custom&#8221; use_custom_fonts_primary_title=&#8221;true&#8221; hover_custom_background=&#8221;#22c6cf&#8221;]<\/p>\n<p style=\"font-size: 120%; color: white;\">Our masks are combined with a special combination method without the use of thread and glue.<\/p>\n<p>[\/vc_hoverbox][\/vc_column_inner][\/vc_row_inner][\/vc_column][\/vc_row][vc_row disable_element=&#8221;yes&#8221; css=&#8221;.vc_custom_1613133175691{padding-top: 40px !important;padding-bottom: 40px !important;background-color: #fcfcfc !important;}&#8221; el_class=&#8221;no-padding-mobile&#8221;][vc_column css=&#8221;.vc_custom_1476421578296{margin-top: 50px !important;margin-bottom: 50px !important;}&#8221;][vc_row_inner css=&#8221;.vc_custom_1476153055669{padding-bottom: 45px !important;}&#8221;][vc_column_inner width=&#8221;1\/2&#8243;]<div class=\"mrbara-heading    text-normal heading-style1\"><div class=\"title\" style=\"font-size:30px;font-weight:600\"><p>Our masks<\/p>\n <div class=\"mr-vertical-line\" ><\/div><\/div><\/div>[\/vc_column_inner][vc_column_inner width=&#8221;1\/2&#8243; offset=&#8221;vc_hidden-sm vc_hidden-xs&#8221;][\/vc_column_inner][\/vc_row_inner]<div class=\"mrbara-products woocommerce  mrbara-grid-cats\"><ul class=\"products columns-2\">\n<li class=\"product type-product post-10674 status-publish first instock product_cat-bfe product_tag-bfe product_tag-medi-mask has-post-thumbnail shipping-taxable product-type-simple\">\n\t<\/li>\n<li class=\"product type-product post-10671 status-publish last instock product_cat-bfe product_tag-bfe product_tag-medi-mask has-post-thumbnail shipping-taxable product-type-simple\">\n\t<\/li>\n<\/ul>\n<div class=\"grid-link\"><a class=\"link\" href=\"\" target=\"_self\"><\/a><\/div><\/div>[vc_row_inner][vc_column_inner offset=&#8221;vc_hidden-lg vc_hidden-md&#8221;]<div class=\"mrbara-link-container  link-style-2 text-center\"><a href=\"http:\/\/demo.drfuri.com\/mrbara\/shop-categories\/\" class=\"mrbara-link  show-icon color-primary\" >Show all of them<\/a><\/div>[\/vc_column_inner][\/vc_row_inner][\/vc_column][\/vc_row][vc_row disable_element=&#8221;yes&#8221; css=&#8221;.vc_custom_1613134461669{padding-top: 90px !important;background-color: #ffffff !important;}&#8221;][vc_column][vc_separator color=&#8221;custom&#8221; accent_color=&#8221;#c1c1c1&#8243;]<div class=\"mrbara-about\">\r\n                <div class=\"about-bg\">\r\n\t\t\t\t\t<div class=\"row\">\r\n\t\t\t\t\t <div class=\"col-lg-1 hidden-md hidden-sm\"><\/div>\r\n\t                    <div class=\"col-lg-6 col-md-12 col-sm-12 col-left\">\r\n\t                        <div class=\"about-content\"><div class=\"title\" style=\"font-weight:600\">Why Use Standard Filter Mask<\/div><div class=\"desc\">Particles carrying bacteria and viruses that cause infectious diseases are dispersed into the air during speech, breathing, coughing and sneezing by asymptomatic persons carrying the disease. Not wearing the correct mask and \/ or mask causes healthy people to be exposed to these airborne infectious disease-carrying particles at the highest degree. The use of international standard masks minimizes the risk of exposure to these particles.<br \/>\nExperts in many countries explain that the most effective way to prevent sick people from infecting others with viruses and bacteria can be achieved by using BFE&gt; 98%, KN95, N95, FFP2 OR FFP3 quality masks. The risk of contamination of the disease is minimized by using certified, standard-compliant masks in the same way for healthy people.<\/div><\/div>\r\n\t                    <\/div>\r\n\t                    <div class=\"col-lg-5 col-md-12 col-sm-12 col-right\">\r\n\t                        <div class=\"video-content\"><div class=\"video-banner\"><div class=\"bg-overlay\" style=\"background-color:#dd9933\"><\/div> <video height=\"460\" preload=\"none\" poster=\"https:\/\/sunselcare.com\/wp-content\/uploads\/2013\/03\/g2.jpg\" loop><source src=\"https:\/\/sunselcare.com\/wp-content\/uploads\/2020\/11\/uretim-hatti-video-2.mp4\" type=\"video\/mp4\"><\/video><div class=\"status\"> <div class=\"video-title\"><p>Our Production Line<\/p>\n<\/div> <h3 class=\"text-play\">Play<\/h3><h3 class=\"text-pause\">Pause<\/h3><i class=\"ion-ios-play\"><\/i> <\/div><\/div><\/div>\r\n\t                    <\/div>\r\n                    <\/div>\r\n                <\/div>\r\n            <\/div>[\/vc_column][\/vc_row][vc_row][vc_column][vc_empty_space]<div class=\"mrbara-heading    text-normal heading-style1\"><div class=\"title\" style=\"font-size:30px;font-weight:600\"><p>Covid-19<\/p>\n <div class=\"mr-vertical-line\" ><\/div><\/div><\/div>[vc_empty_space][vc_basic_grid post_type=&#8221;post&#8221; max_items=&#8221;3&#8243; gap=&#8221;35&#8243; grid_id=&#8221;vc_gid:1616341738768-1b3c1ee4-31a1-5&#8243; taxonomies=&#8221;113&#8243;][\/vc_column][\/vc_row][vc_row full_width=&#8221;stretch_row_content_no_spaces&#8221; css=&#8221;.vc_custom_1612728890254{padding-top: 80px !important;padding-bottom: 80px !important;background-color: #0581bd !important;}&#8221;][vc_column]<div class=\"mrbara-newletter  newsletter-style1 light-skin\" >\r\n\t\t\t\t<div class=\"container\">\r\n\t                <div class=\"row\">\r\n\t                    <div class=\"col-md-4 col-sm-12 col-xs-12 b-content\">\r\n\t                        <div class=\"title\" style=\"font-weight:600\">Bulletin<\/div>\r\n\t                    <\/div>\r\n\t                    <div class=\"col-md-8 col-sm-12 col-xs-12 b-form\">\r\n\t                    \t<div class=\"letter-fied\">\r\n\t  \t                        <script>(function() {\n\twindow.mc4wp = window.mc4wp || {\n\t\tlisteners: [],\n\t\tforms: {\n\t\t\ton: function(evt, cb) {\n\t\t\t\twindow.mc4wp.listeners.push(\n\t\t\t\t\t{\n\t\t\t\t\t\tevent   : evt,\n\t\t\t\t\t\tcallback: cb\n\t\t\t\t\t}\n\t\t\t\t);\n\t\t\t}\n\t\t}\n\t}\n})();\n<\/script><!-- Mailchimp for WordPress v4.8.1 - https:\/\/wordpress.org\/plugins\/mailchimp-for-wp\/ --><form id=\"mc4wp-form-1\" class=\"mc4wp-form mc4wp-form-4144\" method=\"post\" data-id=\"4144\" data-name=\"MrBara Form Subcribe\" action=\"\" ><div class=\"mc4wp-form-fields\"><input type=\"email\" name=\"EMAIL\" placeholder=\"Email Address\" required \/>\n<input type=\"submit\" value=\"Subscribe\" \/><\/div><label style=\"display: none !important;\">Leave this field empty if you&#39;re human: <input type=\"text\" name=\"_mc4wp_honeypot\" value=\"\" tabindex=\"-1\" autocomplete=\"off\" \/><\/label><input type=\"hidden\" name=\"_mc4wp_timestamp\" value=\"1776506999\" \/><input type=\"hidden\" name=\"_mc4wp_form_id\" value=\"4144\" \/><input type=\"hidden\" name=\"_mc4wp_form_element_id\" value=\"mc4wp-form-1\" \/><div class=\"mc4wp-response\"><\/div><input type=\"hidden\" name=\"trp-form-language\" value=\"en\"\/><\/form><!-- \/ Mailchimp for WordPress Plugin -->\r\n\t\t\t\t\t\t\t<\/div>\r\n\t                    <\/div>\r\n\t                <\/div>\r\n\t            <\/div>\r\n\t\t\t<\/div>[vc_empty_space][\/vc_column][\/vc_row]<\/p>","protected":false},"excerpt":{"rendered":"<p>[vc_row full_width=&#8221;stretch_row_content_no_spaces&#8221;][vc_column][rev_slider_vc alias=&#8221;mrbara-home-sidebar&#8221;][\/vc_column][\/vc_row][vc_row css=&#8221;.vc_custom_1613060525242{padding-top: 30px !important;padding-bottom: 50px !important;background-color: #ffffff !important;}&#8221;][vc_column css=&#8221;.vc_custom_1613049622178{margin-bottom: 20px !important;border-bottom-width: 20px !important;}&#8221;][vc_column_text css=&#8221;.vc_custom_1616341711686{border-bottom-width: 20px !important;}&#8221;] Neden Standartlara Uygun Filtreli Maske Kullan\u0131lmal\u0131d\u0131r | Sunsel Care [\/vc_column_text][\/vc_column][vc_column width=&#8221;1\/2&#8243;][vc_column_text] Hastal\u0131\u011f\u0131&hellip;<\/p>","protected":false},"author":1,"featured_media":0,"parent":0,"menu_order":0,"comment_status":"open","ping_status":"closed","template":"template-homepage.php","meta":[],"yoast_head":"<!-- This site is optimized with the Yoast SEO plugin v15.2.1 - https:\/\/yoast.com\/wordpress\/plugins\/seo\/ -->\n<title>Sunsel Care | K\u0131br\u0131s Toptan Medikal T\u0131bbi Tek Kullan\u0131ml\u0131k Maske<\/title>\n<meta name=\"description\" content=\"Sunsel Care K\u0131br\u0131s&#039;ta y\u00fcksek kaliteli, \u00fcst d\u00fczey standartlara sahip medikal, t\u0131bbi tek kullan\u0131ml\u0131k maske \u00fcretimi yapan \u00fcretici bir firmad\u0131r.\" \/>\n<meta name=\"robots\" content=\"index, follow, max-snippet:-1, max-image-preview:large, max-video-preview:-1\" \/>\n<link rel=\"canonical\" href=\"https:\/\/sunselcare.com\/en\/\" \/>\n<meta property=\"og:locale\" content=\"en_GB\" \/>\n<meta property=\"og:type\" content=\"article\" \/>\n<meta property=\"og:title\" content=\"Sunsel Care | K\u0131br\u0131s Toptan Medikal T\u0131bbi Tek Kullan\u0131ml\u0131k Maske\" \/>\n<meta property=\"og:description\" content=\"Sunsel Care K\u0131br\u0131s&#039;ta y\u00fcksek kaliteli, \u00fcst d\u00fczey standartlara sahip medikal, t\u0131bbi tek kullan\u0131ml\u0131k maske \u00fcretimi yapan \u00fcretici bir firmad\u0131r.\" \/>\n<meta property=\"og:url\" content=\"https:\/\/sunselcare.com\/en\/\" \/>\n<meta property=\"og:site_name\" content=\"Sunsel Care\" \/>\n<meta property=\"article:modified_time\" content=\"2021-03-21T16:14:12+00:00\" \/>\n<meta name=\"twitter:card\" content=\"summary_large_image\" \/>\n<meta name=\"twitter:label1\" content=\"Written by\">\n\t<meta name=\"twitter:data1\" content=\"admin\">\n\t<meta name=\"twitter:label2\" content=\"Estimated reading time\">\n\t<meta name=\"twitter:data2\" content=\"8 minutes\">\n<script type=\"application\/ld+json\" class=\"yoast-schema-graph\">{\"@context\":\"https:\/\/schema.org\",\"@graph\":[{\"@type\":\"Organization\",\"@id\":\"https:\/\/sunselcare.com\/#organization\",\"name\":\"Sunsel Care\",\"url\":\"https:\/\/sunselcare.com\/\",\"sameAs\":[],\"logo\":{\"@type\":\"ImageObject\",\"@id\":\"https:\/\/sunselcare.com\/#logo\",\"inLanguage\":\"en-GB\",\"url\":\"https:\/\/sunselcare.com\/wp-content\/uploads\/2020\/12\/care.png\",\"width\":719,\"height\":645,\"caption\":\"Sunsel Care\"},\"image\":{\"@id\":\"https:\/\/sunselcare.com\/#logo\"}},{\"@type\":\"WebSite\",\"@id\":\"https:\/\/sunselcare.com\/#website\",\"url\":\"https:\/\/sunselcare.com\/\",\"name\":\"Sunsel Care\",\"description\":\"\",\"publisher\":{\"@id\":\"https:\/\/sunselcare.com\/#organization\"},\"potentialAction\":[{\"@type\":\"SearchAction\",\"target\":\"https:\/\/sunselcare.com\/?s={search_term_string}\",\"query-input\":\"required name=search_term_string\"}],\"inLanguage\":\"en-GB\"},{\"@type\":\"WebPage\",\"@id\":\"https:\/\/sunselcare.com\/#webpage\",\"url\":\"https:\/\/sunselcare.com\/\",\"name\":\"Sunsel Care | K\\u0131br\\u0131s Toptan Medikal T\\u0131bbi Tek Kullan\\u0131ml\\u0131k Maske\",\"isPartOf\":{\"@id\":\"https:\/\/sunselcare.com\/#website\"},\"datePublished\":\"2021-03-08T06:46:10+00:00\",\"dateModified\":\"2021-03-21T16:14:12+00:00\",\"description\":\"Sunsel Care K\\u0131br\\u0131s'ta y\\u00fcksek kaliteli, \\u00fcst d\\u00fczey standartlara sahip medikal, t\\u0131bbi tek kullan\\u0131ml\\u0131k maske \\u00fcretimi yapan \\u00fcretici bir firmad\\u0131r.\",\"inLanguage\":\"en-GB\",\"potentialAction\":[{\"@type\":\"ReadAction\",\"target\":[\"https:\/\/sunselcare.com\/\"]}]}]}<\/script>\n<!-- \/ Yoast SEO plugin. -->","_links":{"self":[{"href":"https:\/\/sunselcare.com\/en\/wp-json\/wp\/v2\/pages\/3106"}],"collection":[{"href":"https:\/\/sunselcare.com\/en\/wp-json\/wp\/v2\/pages"}],"about":[{"href":"https:\/\/sunselcare.com\/en\/wp-json\/wp\/v2\/types\/page"}],"author":[{"embeddable":true,"href":"https:\/\/sunselcare.com\/en\/wp-json\/wp\/v2\/users\/1"}],"replies":[{"embeddable":true,"href":"https:\/\/sunselcare.com\/en\/wp-json\/wp\/v2\/comments?post=3106"}],"version-history":[{"count":119,"href":"https:\/\/sunselcare.com\/en\/wp-json\/wp\/v2\/pages\/3106\/revisions"}],"predecessor-version":[{"id":10652,"href":"https:\/\/sunselcare.com\/en\/wp-json\/wp\/v2\/pages\/3106\/revisions\/10652"}],"wp:attachment":[{"href":"https:\/\/sunselcare.com\/en\/wp-json\/wp\/v2\/media?parent=3106"}],"curies":[{"name":"wp","href":"https:\/\/api.w.org\/{rel}","templated":true}]}}