{"id":2008,"date":"2021-03-19T18:13:22","date_gmt":"2021-03-19T15:13:22","guid":{"rendered":"http:\/\/demo.drfuri.com\/mrbara\/?page_id=2008"},"modified":"2022-03-01T12:14:17","modified_gmt":"2022-03-01T09:14:17","slug":"iletisim","status":"publish","type":"page","link":"https:\/\/sunselcare.com\/en\/iletisim\/","title":{"rendered":"Contact"},"content":{"rendered":"<p>[vc_row css=&#8221;.vc_custom_1468808563451{padding-top: 100px !important;}&#8221;][vc_column]<div class=\"mrbara-heading    vc_custom_1605895382128 text-normal heading-style1\"><div class=\"title\" style=\"font-size:30px\"><p>Contact Details<\/p>\n <div class=\"mr-vertical-line\" ><\/div><\/div><\/div>[vc_column_text][\/vc_column_text][\/vc_column][\/vc_row][vc_row css=&#8221;.vc_custom_1468808569147{padding-top: 50px !important;}&#8221;][vc_column width=&#8221;1\/3&#8243; css=&#8221;.vc_custom_1466589569343{padding-top: 45px !important;padding-bottom: 45px !important;padding-left: 80px !important;}&#8221;]<div class=\"mrbara-icon-box-2\">\r\n\t\t\t\t<div class=\"b-icon\"><span class=\"icon_mobile\" ><\/span><\/div><div class=\"b-title\">Telephone<\/div><div class=\"b-content\"><p>+90 392 444 02 34<\/p>\n<p>+90 392 227 86 24<\/p>\n<\/div>\r\n\t\t\t<\/div>[\/vc_column][vc_column width=&#8221;1\/3&#8243; css=&#8221;.vc_custom_1466589343936{border-left-width: 1px !important;padding-top: 45px !important;padding-bottom: 45px !important;padding-left: 70px !important;border-left-color: rgba(204,204,204,0.5) !important;border-left-style: solid !important;}&#8221;]<div class=\"mrbara-icon-box-2\">\r\n\t\t\t\t<div class=\"b-icon\"><span class=\"ion-ios-location-outline\" ><\/span><\/div><div class=\"b-title\">Address<\/div><div class=\"b-content\"><p><strong>Headquarter:<\/strong> Ataturk Street, Nicosia 99010<\/p>\n<p><strong>Production:<\/strong> Industrial Zone 3.Street, Nicosia 99010<\/p>\n<\/div>\r\n\t\t\t<\/div>[\/vc_column][vc_column width=&#8221;1\/3&#8243; css=&#8221;.vc_custom_1466589357776{border-left-width: 1px !important;padding-top: 45px !important;padding-bottom: 45px !important;padding-left: 70px !important;border-left-color: rgba(204,204,204,0.5) !important;border-left-style: solid !important;}&#8221;]<div class=\"mrbara-icon-box-2\">\r\n\t\t\t\t<div class=\"b-icon\"><span class=\"icon_mail_alt\" ><\/span><\/div><div class=\"b-title\">E-mail<\/div><div class=\"b-content\"><p>info@sunsel.com<\/p>\n<p>info@sunselcare.com<\/p>\n<p>&nbsp;<\/p>\n<\/div>\r\n\t\t\t<\/div>[\/vc_column][\/vc_row][vc_row css=&#8221;.vc_custom_1468808589114{padding-top: 50px !important;}&#8221;][vc_column]<div class=\"mrbara-heading    vc_custom_1605895422662 text-normal heading-style1\"><div class=\"title\" style=\"font-size:30px\"><p>Contact Form<\/p>\n <div class=\"mr-vertical-line\" ><\/div><\/div><\/div>[vc_column_text]L\u00fctfen a\u015fa\u011f\u0131daki ileti\u015fim formunu doldurunuz.[\/vc_column_text][\/vc_column][\/vc_row][vc_row css=&#8221;.vc_custom_1468808610243{padding-top: 100px !important;}&#8221;][vc_column]<div role=\"form\" class=\"wpcf7\" id=\"wpcf7-f5281-o1\" lang=\"en-US\" dir=\"ltr\">\n<div class=\"screen-reader-response\"><p role=\"status\" aria-live=\"polite\" aria-atomic=\"true\"><\/p> <ul><\/ul><\/div>\n<form action=\"\/en\/wp-json\/wp\/v2\/pages\/2008#wpcf7-f5281-o1\" method=\"post\" class=\"wpcf7-form init\" novalidate=\"novalidate\" data-status=\"init\" data-trp-original-action=\"\/en\/wp-json\/wp\/v2\/pages\/2008#wpcf7-f5281-o1\">\n<div style=\"display: none;\">\n<input type=\"hidden\" name=\"_wpcf7\" value=\"5281\" \/>\n<input type=\"hidden\" name=\"_wpcf7_version\" value=\"5.3\" \/>\n<input type=\"hidden\" name=\"_wpcf7_locale\" value=\"en_US\" \/>\n<input type=\"hidden\" name=\"_wpcf7_unit_tag\" value=\"wpcf7-f5281-o1\" \/>\n<input type=\"hidden\" name=\"_wpcf7_container_post\" value=\"0\" \/>\n<input type=\"hidden\" name=\"_wpcf7_posted_data_hash\" value=\"\" \/>\n<\/div>\n<div class=\"row\">\n<div class=\"col-md-4 col-sm-4 col-xs-12\">\n   <span class=\"wpcf7-form-control-wrap your-name\"><input type=\"text\" name=\"your-name\" value=\"\" size=\"40\" class=\"wpcf7-form-control wpcf7-text wpcf7-validates-as-required\" aria-required=\"true\" aria-invalid=\"false\" placeholder=\"Your name\" \/><\/span>\n<\/div>\n<div class=\"col-md-4 col-sm-4 col-xs-12\">\n    <span class=\"wpcf7-form-control-wrap your-email\"><input type=\"email\" name=\"your-email\" value=\"\" size=\"40\" class=\"wpcf7-form-control wpcf7-text wpcf7-email wpcf7-validates-as-required wpcf7-validates-as-email\" aria-required=\"true\" aria-invalid=\"false\" placeholder=\"Your email adress\" \/><\/span>\n<\/div>\n<div class=\"col-md-4 col-sm-4 col-xs-12\">\n    <span class=\"wpcf7-form-control-wrap your-subject\"><input type=\"text\" name=\"your-subject\" value=\"\" size=\"40\" class=\"wpcf7-form-control wpcf7-text\" aria-invalid=\"false\" placeholder=\"Subject(Option)\" \/><\/span>\n<\/div>\n<div class=\"col-md-12 col-sm-12 col-xs-12\">\n    <span class=\"wpcf7-form-control-wrap your-message\"><textarea name=\"your-message\" cols=\"40\" rows=\"10\" class=\"wpcf7-form-control wpcf7-textarea\" aria-invalid=\"false\" placeholder=\"Write the message here.\"><\/textarea><\/span>\n<\/div>\n<div class=\"col-md-12 col-sm-12 col-xs-12\">\n    <input type=\"submit\" value=\"Send Message\" class=\"wpcf7-form-control wpcf7-submit\" \/>\n<\/div>\n<\/div>\n<input type='hidden' class='wpcf7-pum' value='{\"closepopup\":false,\"closedelay\":0,\"openpopup\":false,\"openpopup_id\":0}' \/><div class=\"wpcf7-response-output\" aria-hidden=\"true\"><\/div><input type=\"hidden\" name=\"trp-form-language\" value=\"en\"\/><\/form><\/div>[\/vc_column][\/vc_row][vc_row full_width=&#8221;stretch_row_content_no_spaces&#8221; css=&#8221;.vc_custom_1468808614428{padding-top: 115px !important;}&#8221;][vc_column][vc_gmaps link=&#8221;#E-8_JTNDaWZyYW1lJTIwc3JjJTNEJTIyaHR0cHMlM0ElMkYlMkZ3d3cuZ29vZ2xlLmNvbSUyRm1hcHMlMkZlbWJlZCUzRnBiJTNEJTIxMW0xOCUyMTFtMTIlMjExbTMlMjExZDgxNS4xNjEyMjIyOTAyNjAzJTIxMmQzMy4zNjQyNDIwMjkyMiUyMTNkMzUuMTkwNDAyMzk0Nzc1OTYlMjEybTMlMjExZjAlMjEyZjAlMjEzZjAlMjEzbTIlMjExaTEwMjQlMjEyaTc2OCUyMTRmMTMuMSUyMTNtMyUyMTFtMiUyMTFzMHgxNGRlMTczYjU2ZDEzZTc1JTI1M0EweDU4YzVjZTgyMWMwODcxMCUyMTJzU3Vuc2VsJTI1MjBFbnRlcnByaXNlcyUyNTIwTFREJTIxNWUwJTIxM20yJTIxMXN0ciUyMTJzdHIlMjE0djE2MDU5ODAzNzcxOTclMjE1bTIlMjExc3RyJTIxMnN0ciUyMiUyMHdpZHRoJTNEJTIyNjAwJTIyJTIwaGVpZ2h0JTNEJTIyNDUwJTIyJTIwZnJhbWVib3JkZXIlM0QlMjIwJTIyJTIwc3R5bGUlM0QlMjJib3JkZXIlM0EwJTNCJTIyJTIwYWxsb3dmdWxsc2NyZWVuJTNEJTIyJTIyJTIwYXJpYS1oaWRkZW4lM0QlMjJmYWxzZSUyMiUyMHRhYmluZGV4JTNEJTIyMCUyMiUzRSUzQyUyRmlmcmFtZSUzRQ==&#8221; title=&#8221; Merkez Ofisimiz:&#8221;][\/vc_column][\/vc_row][vc_row][vc_column][\/vc_column][\/vc_row][vc_row][vc_column][vc_gmaps link=&#8221;#E-8_JTNDaWZyYW1lJTIwc3JjJTNEJTIyaHR0cHMlM0ElMkYlMkZ3d3cuZ29vZ2xlLmNvbSUyRm1hcHMlMkZlbWJlZCUzRnBiJTNEJTIxMW0xOCUyMTFtMTIlMjExbTMlMjExZDkyMS4yOTQyNzU5MDc4MDk3JTIxMmQzMy4zNTEzODcyNDc5NTQxJTIxM2QzNS4yMTg5MjgzNjIyMTk2OSUyMTJtMyUyMTFmMCUyMTJmMCUyMTNmMCUyMTNtMiUyMTFpMTAyNCUyMTJpNzY4JTIxNGYxMy4xJTIxM20zJTIxMW0yJTIxMXMweDAlMjUzQTB4MjU2Mzg5MjQ1YTExODZlNCUyMTJ6TXpYQ3NERXpKekE1TGpJaVRpQXpNOEt3TWpFbk1EVXVNaUpGJTIxNWUwJTIxM20yJTIxMXN0ciUyMTJzdHIlMjE0djE2NDYxMjU3NjQ1NzclMjE1bTIlMjExc3RyJTIxMnN0ciUyMiUyMHdpZHRoJTNEJTIyNjAwJTIyJTIwaGVpZ2h0JTNEJTIyNDUwJTIyJTIwc3R5bGUlM0QlMjJib3JkZXIlM0EwJTNCJTIyJTIwYWxsb3dmdWxsc2NyZWVuJTNEJTIyJTIyJTIwbG9hZGluZyUzRCUyMmxhenklMjIlM0UlM0MlMkZpZnJhbWUlM0U=&#8221; title=&#8221;\u00dcretim Tesisimiz:&#8221;][\/vc_column][\/vc_row]<\/p>","protected":false},"excerpt":{"rendered":"<p>[vc_row css=&#8221;.vc_custom_1468808563451{padding-top: 100px !important;}&#8221;][vc_column][vc_column_text][\/vc_column_text][\/vc_column][\/vc_row][vc_row css=&#8221;.vc_custom_1468808569147{padding-top: 50px !important;}&#8221;][vc_column width=&#8221;1\/3&#8243; css=&#8221;.vc_custom_1466589569343{padding-top: 45px !important;padding-bottom: 45px !important;padding-left: 80px !important;}&#8221;][\/vc_column][vc_column width=&#8221;1\/3&#8243; css=&#8221;.vc_custom_1466589343936{border-left-width: 1px !important;padding-top: 45px !important;padding-bottom: 45px !important;padding-left: 70px !important;border-left-color: rgba(204,204,204,0.5) !important;border-left-style: solid !important;}&#8221;][\/vc_column][vc_column width=&#8221;1\/3&#8243;&hellip;<\/p>","protected":false},"author":1,"featured_media":0,"parent":0,"menu_order":0,"comment_status":"closed","ping_status":"closed","template":"template-full-width.php","meta":[],"yoast_head":"<!-- This site is optimized with the Yoast SEO plugin v15.2.1 - https:\/\/yoast.com\/wordpress\/plugins\/seo\/ -->\n<title>\u0130leti\u015fim | Sunsel Care<\/title>\n<meta name=\"description\" content=\"Sunsel Care ile telefon numaralar\u0131m\u0131zdan, sosyal medya hesaplar\u0131m\u0131zdan yada e-mail adresimizden ileti\u015fim sa\u011flayabilirsiniz.\" \/>\n<meta name=\"robots\" content=\"index, follow, max-snippet:-1, max-image-preview:large, max-video-preview:-1\" \/>\n<link rel=\"canonical\" href=\"https:\/\/sunselcare.com\/en\/iletisim\/\" \/>\n<meta property=\"og:locale\" content=\"en_GB\" \/>\n<meta property=\"og:type\" content=\"article\" \/>\n<meta property=\"og:title\" content=\"\u0130leti\u015fim | Sunsel Care\" \/>\n<meta property=\"og:description\" content=\"Sunsel Care ile telefon numaralar\u0131m\u0131zdan, sosyal medya hesaplar\u0131m\u0131zdan yada e-mail adresimizden ileti\u015fim sa\u011flayabilirsiniz.\" \/>\n<meta property=\"og:url\" content=\"https:\/\/sunselcare.com\/en\/iletisim\/\" \/>\n<meta property=\"og:site_name\" content=\"Sunsel Care\" \/>\n<meta property=\"article:modified_time\" content=\"2022-03-01T09:14:17+00:00\" \/>\n<meta name=\"twitter:card\" content=\"summary_large_image\" \/>\n<meta name=\"twitter:label1\" content=\"Written by\">\n\t<meta name=\"twitter:data1\" content=\"admin\">\n\t<meta name=\"twitter:label2\" content=\"Estimated reading time\">\n\t<meta name=\"twitter:data2\" content=\"2 minutes\">\n<script type=\"application\/ld+json\" class=\"yoast-schema-graph\">{\"@context\":\"https:\/\/schema.org\",\"@graph\":[{\"@type\":\"Organization\",\"@id\":\"https:\/\/sunselcare.com\/#organization\",\"name\":\"Sunsel Care\",\"url\":\"https:\/\/sunselcare.com\/\",\"sameAs\":[],\"logo\":{\"@type\":\"ImageObject\",\"@id\":\"https:\/\/sunselcare.com\/#logo\",\"inLanguage\":\"en-GB\",\"url\":\"https:\/\/sunselcare.com\/wp-content\/uploads\/2020\/12\/care.png\",\"width\":719,\"height\":645,\"caption\":\"Sunsel Care\"},\"image\":{\"@id\":\"https:\/\/sunselcare.com\/#logo\"}},{\"@type\":\"WebSite\",\"@id\":\"https:\/\/sunselcare.com\/#website\",\"url\":\"https:\/\/sunselcare.com\/\",\"name\":\"Sunsel Care\",\"description\":\"\",\"publisher\":{\"@id\":\"https:\/\/sunselcare.com\/#organization\"},\"potentialAction\":[{\"@type\":\"SearchAction\",\"target\":\"https:\/\/sunselcare.com\/?s={search_term_string}\",\"query-input\":\"required name=search_term_string\"}],\"inLanguage\":\"en-GB\"},{\"@type\":\"WebPage\",\"@id\":\"https:\/\/sunselcare.com\/iletisim\/#webpage\",\"url\":\"https:\/\/sunselcare.com\/iletisim\/\",\"name\":\"\\u0130leti\\u015fim | Sunsel Care\",\"isPartOf\":{\"@id\":\"https:\/\/sunselcare.com\/#website\"},\"datePublished\":\"2021-03-19T15:13:22+00:00\",\"dateModified\":\"2022-03-01T09:14:17+00:00\",\"description\":\"Sunsel Care ile telefon numaralar\\u0131m\\u0131zdan, sosyal medya hesaplar\\u0131m\\u0131zdan yada e-mail adresimizden ileti\\u015fim sa\\u011flayabilirsiniz.\",\"inLanguage\":\"en-GB\",\"potentialAction\":[{\"@type\":\"ReadAction\",\"target\":[\"https:\/\/sunselcare.com\/iletisim\/\"]}]}]}<\/script>\n<!-- \/ Yoast SEO plugin. -->","_links":{"self":[{"href":"https:\/\/sunselcare.com\/en\/wp-json\/wp\/v2\/pages\/2008"}],"collection":[{"href":"https:\/\/sunselcare.com\/en\/wp-json\/wp\/v2\/pages"}],"about":[{"href":"https:\/\/sunselcare.com\/en\/wp-json\/wp\/v2\/types\/page"}],"author":[{"embeddable":true,"href":"https:\/\/sunselcare.com\/en\/wp-json\/wp\/v2\/users\/1"}],"replies":[{"embeddable":true,"href":"https:\/\/sunselcare.com\/en\/wp-json\/wp\/v2\/comments?post=2008"}],"version-history":[{"count":18,"href":"https:\/\/sunselcare.com\/en\/wp-json\/wp\/v2\/pages\/2008\/revisions"}],"predecessor-version":[{"id":10663,"href":"https:\/\/sunselcare.com\/en\/wp-json\/wp\/v2\/pages\/2008\/revisions\/10663"}],"wp:attachment":[{"href":"https:\/\/sunselcare.com\/en\/wp-json\/wp\/v2\/media?parent=2008"}],"curies":[{"name":"wp","href":"https:\/\/api.w.org\/{rel}","templated":true}]}}