{"id":9547,"date":"2016-08-16T09:21:13","date_gmt":"2016-08-16T09:21:13","guid":{"rendered":"http:\/\/demo.drfuri.com\/mrbara\/product\/longline-hooded-t-shirt-inlinen-look-fabric\/"},"modified":"2021-03-10T19:54:07","modified_gmt":"2021-03-10T16:54:07","slug":"medimaskbfe90","status":"publish","type":"product","link":"https:\/\/sunselcare.com\/el\/shop\/medimaskbfe90\/","title":{"rendered":"MymeddMask"},"content":{"rendered":"<ul>\n<li><strong>\u03a4\u03c1\u03b9\u03ce\u03bd \u03c3\u03c4\u03c1\u03ce\u03c3\u03b5\u03c9\u03bd<\/strong><\/li>\n<li><strong>\u0391\u03c0\u03bf\u03b4\u03bf\u03c4\u03b9\u03ba\u03cc\u03c4\u03b7\u03c4\u03b1 \u03c6\u03b9\u03bb\u03c4\u03c1\u03b1\u03c1\u03af\u03c3\u03bc\u03b1\u03c4\u03bf\u03c2 Bfe> 98%<\/strong><\/li>\n<li><b>\u039c\u03b7 \u03c5\u03c6\u03b1\u03c3\u03bc\u03ad\u03bd\u03bf \u03c5\u03bb\u03b9\u03ba\u03cc<\/b><\/li>\n<li><strong>\u0391\u03b4\u03b9\u03ac\u03bb\u03b5\u03b9\u03c0\u03c4\u03b7<\/strong><\/li>\n<li><strong>\u03a0\u03b1\u03c1\u03ac\u03b3\u03b5\u03c4\u03b1\u03b9 \u03ba\u03b1\u03b9 \u03c3\u03c5\u03c3\u03ba\u03b5\u03c5\u03ac\u03b6\u03b5\u03c4\u03b1\u03b9 \u03b1\u03bd\u03ad\u03b3\u03b3\u03b9\u03c7\u03c4\u03bf<\/strong><\/li>\n<li><strong>\u0394\u03b5\u03bd \u03c0\u03b5\u03c1\u03b9\u03ad\u03c7\u03b5\u03b9 \u03bb\u03ac\u03c4\u03b5\u03be<\/strong><\/li>\n<li><strong>\u0397 \u03bc\u03b1\u03bb\u03b1\u03ba\u03ae \u03b5\u03c0\u03b9\u03c6\u03ac\u03bd\u03b5\u03b9\u03b1 \u03b4\u03b5\u03bd \u03b5\u03c1\u03b5\u03b8\u03af\u03b6\u03b5\u03b9 \u03c4\u03bf \u03b4\u03ad\u03c1\u03bc\u03b1<\/strong><\/li>\n<li><strong>\u0395\u03cd\u03ba\u03bf\u03bb\u03bf \u03c3\u03c4\u03b7\u03bd \u03b1\u03bd\u03b1\u03c0\u03bd\u03bf\u03ae<\/strong><\/li>\n<li><strong>\u0395\u03bb\u03b1\u03c3\u03c4\u03b9\u03ba\u03cc \u03b1\u03c5\u03c4\u03b9\u03bf\u03cd<\/strong><\/li>\n<li><strong>\u03a1\u03c5\u03b8\u03bc\u03b9\u03b6\u03cc\u03bc\u03b5\u03bd\u03bf \u03ba\u03b1\u03bb\u03ce\u03b4\u03b9\u03bf \u03bc\u03cd\u03c4\u03b7\u03c2<\/strong><\/li>\n<li><strong>\u0391\u03bd\u03b1\u03bb\u03ce\u03c3\u03b9\u03bc\u03b1<\/strong><\/li>\n<\/ul>","protected":false},"excerpt":{"rendered":"<p>\u03a0\u03b1\u03c1\u03ac\u03b3\u03b5\u03c4\u03b1\u03b9 \u03ba\u03b1\u03b9 \u03c3\u03c5\u03c3\u03ba\u03b5\u03c5\u03ac\u03b6\u03b5\u03c4\u03b1\u03b9 \u03b1\u03bd\u03ad\u03b3\u03b3\u03b9\u03c7\u03c4\u03bf \u03bc\u03b5 \u03b4\u03c5\u03bd\u03b1\u03c4\u03cc\u03c4\u03b7\u03c4\u03b1 \u03c6\u03b9\u03bb\u03c4\u03c1\u03b1\u03c1\u03af\u03c3\u03bc\u03b1\u03c4\u03bf\u03c2 \u03b2\u03b1\u03ba\u03c4\u03b7\u03c1\u03af\u03c9\u03bd \u03ba\u03b1\u03b9 \u03b9\u03ce\u03bd >98%, \u03c0\u03bf\u03c5 \u03c0\u03b1\u03c1\u03ac\u03b3\u03b5\u03c4\u03b1\u03b9 \u03c3\u03cd\u03bc\u03c6\u03c9\u03bd\u03b1 \u03bc\u03b5 \u03c4\u03b1 \u03c0\u03c1\u03cc\u03c4\u03c5\u03c0\u03b1 EN 14683-Type II 3 \u03b5\u03c0\u03b9\u03c0\u03ad\u03b4\u03c9\u03bd.<\/p>","protected":false},"featured_media":10505,"comment_status":"open","ping_status":"closed","template":"","meta":[],"yoast_head":"<!-- This site is optimized with the Yoast SEO plugin v15.2.1 - https:\/\/yoast.com\/wordpress\/plugins\/seo\/ -->\n<title>MymeddMask | Sunsel Care<\/title>\n<meta name=\"robots\" content=\"index, follow, max-snippet:-1, max-image-preview:large, max-video-preview:-1\" \/>\n<link rel=\"canonical\" href=\"https:\/\/sunselcare.com\/el\/shop\/medimaskbfe90\/\" \/>\n<meta property=\"og:locale\" content=\"el_GR\" \/>\n<meta property=\"og:type\" content=\"article\" \/>\n<meta property=\"og:title\" content=\"MymeddMask | Sunsel Care\" \/>\n<meta property=\"og:description\" content=\"3 Katmanl\u0131 EN 14683-Type II standartlar\u0131na uygun \u00fcretilmi\u015f bakteri ve vir\u00fcsleri &gt;98% filtreleme \u00f6zellikli el de\u011fmeden \u00fcretilen ve paketlenir.\" \/>\n<meta property=\"og:url\" content=\"https:\/\/sunselcare.com\/el\/shop\/medimaskbfe90\/\" \/>\n<meta property=\"og:site_name\" content=\"Sunsel Care\" \/>\n<meta property=\"article:modified_time\" content=\"2021-03-10T16:54:07+00:00\" \/>\n<meta property=\"og:image\" content=\"https:\/\/sunselcare.com\/wp-content\/uploads\/2016\/08\/image-8-copy.png\" \/>\n\t<meta property=\"og:image:width\" content=\"487\" \/>\n\t<meta property=\"og:image:height\" content=\"344\" \/>\n<meta name=\"twitter:card\" content=\"summary_large_image\" \/>\n<meta name=\"twitter:label1\" content=\"Written by\">\n\t<meta name=\"twitter:data1\" content=\"admin\">\n\t<meta name=\"twitter:label2\" content=\"Est. reading time\">\n\t<meta name=\"twitter:data2\" content=\"0 \u03bb\u03b5\u03c0\u03c4\u03ac\">\n<script type=\"application\/ld+json\" class=\"yoast-schema-graph\">{\"@context\":\"https:\/\/schema.org\",\"@graph\":[{\"@type\":\"Organization\",\"@id\":\"https:\/\/sunselcare.com\/#organization\",\"name\":\"Sunsel Care\",\"url\":\"https:\/\/sunselcare.com\/\",\"sameAs\":[],\"logo\":{\"@type\":\"ImageObject\",\"@id\":\"https:\/\/sunselcare.com\/#logo\",\"inLanguage\":\"el\",\"url\":\"https:\/\/sunselcare.com\/wp-content\/uploads\/2020\/12\/care.png\",\"width\":719,\"height\":645,\"caption\":\"Sunsel Care\"},\"image\":{\"@id\":\"https:\/\/sunselcare.com\/#logo\"}},{\"@type\":\"WebSite\",\"@id\":\"https:\/\/sunselcare.com\/#website\",\"url\":\"https:\/\/sunselcare.com\/\",\"name\":\"Sunsel Care\",\"description\":\"\",\"publisher\":{\"@id\":\"https:\/\/sunselcare.com\/#organization\"},\"potentialAction\":[{\"@type\":\"SearchAction\",\"target\":\"https:\/\/sunselcare.com\/?s={search_term_string}\",\"query-input\":\"required name=search_term_string\"}],\"inLanguage\":\"el\"},{\"@type\":\"ImageObject\",\"@id\":\"https:\/\/sunselcare.com\/shop\/medimaskbfe90\/#primaryimage\",\"inLanguage\":\"el\",\"url\":\"https:\/\/sunselcare.com\/wp-content\/uploads\/2016\/08\/image-8-copy.png\",\"width\":487,\"height\":344},{\"@type\":\"WebPage\",\"@id\":\"https:\/\/sunselcare.com\/shop\/medimaskbfe90\/#webpage\",\"url\":\"https:\/\/sunselcare.com\/shop\/medimaskbfe90\/\",\"name\":\"MymeddMask | Sunsel Care\",\"isPartOf\":{\"@id\":\"https:\/\/sunselcare.com\/#website\"},\"primaryImageOfPage\":{\"@id\":\"https:\/\/sunselcare.com\/shop\/medimaskbfe90\/#primaryimage\"},\"datePublished\":\"2016-08-16T09:21:13+00:00\",\"dateModified\":\"2021-03-10T16:54:07+00:00\",\"inLanguage\":\"el\",\"potentialAction\":[{\"@type\":\"ReadAction\",\"target\":[\"https:\/\/sunselcare.com\/shop\/medimaskbfe90\/\"]}]}]}<\/script>\n<!-- \/ Yoast SEO plugin. -->","_links":{"self":[{"href":"https:\/\/sunselcare.com\/el\/wp-json\/wp\/v2\/product\/9547"}],"collection":[{"href":"https:\/\/sunselcare.com\/el\/wp-json\/wp\/v2\/product"}],"about":[{"href":"https:\/\/sunselcare.com\/el\/wp-json\/wp\/v2\/types\/product"}],"replies":[{"embeddable":true,"href":"https:\/\/sunselcare.com\/el\/wp-json\/wp\/v2\/comments?post=9547"}],"wp:featuredmedia":[{"embeddable":true,"href":"https:\/\/sunselcare.com\/el\/wp-json\/wp\/v2\/media\/10505"}],"wp:attachment":[{"href":"https:\/\/sunselcare.com\/el\/wp-json\/wp\/v2\/media?parent=9547"}],"curies":[{"name":"wp","href":"https:\/\/api.w.org\/{rel}","templated":true}]}}