{"id":4684,"date":"2021-03-17T02:13:46","date_gmt":"2021-03-16T23:13:46","guid":{"rendered":"http:\/\/demo.drfuri.com\/mrbara\/?page_id=4684"},"modified":"2021-03-21T21:35:06","modified_gmt":"2021-03-21T18:35:06","slug":"hakkimizda","status":"publish","type":"page","link":"https:\/\/sunselcare.com\/el\/hakkimizda\/","title":{"rendered":"\u03a3\u03c7\u03b5\u03c4\u03b9\u03ba\u03ac \u03bc\u03b5 \u03b5\u03bc\u03ac\u03c2"},"content":{"rendered":"<p>[vc_row css=&#8221;.vc_custom_1613060633838{padding-bottom: 50px !important;}&#8221;][vc_column]<div class=\"mrbara-about-2\">\r\n\t\t\t\t<div class=\"row\">\r\n\t\t\t\t\t<div class=\"col-md-1 col-sm-1 col-xs-2 col-xs-offset-1 col-md-offset-1 col-sm-offset-1 col-left\">\r\n\t\t\t\t\t\t<span class=\"mr-verticle-line\"><\/span>\r\n\t\t\t\t\t<\/div>\r\n\t\t\t\t\t<div class=\"col-md-6 col-sm-6 col-xs-8 col-xs-offset-1 col-md-offset-2 col-sm-offset-2 col-right\"><div class=\"about-content\"><div class=\"sub-title\">\u03a3\u03c7\u03b5\u03c4\u03b9\u03ba\u03ac \u03bc\u03b5 \u03b5\u03bc\u03ac\u03c2<\/div><div class=\"title\"><p>Sunsel Care<\/p>\n<\/div><div class=\"desc\">Sunsel Enterprises Ltd. \u03c3\u03c4\u03b7 \u039b\u03b5\u03c5\u03ba\u03c9\u03c3\u03af\u03b1 \u03c4\u03b7\u03c2 \u039a\u03cd\u03c0\u03c1\u03bf\u03c5. \u03b5\u03af\u03bd\u03b1\u03b9 \u03ba\u03b1\u03c4\u03b1\u03c3\u03ba\u03b5\u03c5\u03b1\u03c3\u03c4\u03ae\u03c2 \u03b9\u03b1\u03c4\u03c1\u03b9\u03ba\u03ae\u03c2 \u03bc\u03ac\u03c3\u03ba\u03b1\u03c2 \u03c0\u03c1\u03bf\u03c3\u03ce\u03c0\u03bf\u03c5 \u03c0\u03bf\u03c5 \u03b4\u03c1\u03b1\u03c3\u03c4\u03b7\u03c1\u03b9\u03bf\u03c0\u03bf\u03b9\u03b5\u03af\u03c4\u03b1\u03b9 \u03c3\u03c4\u03bf \u03c0\u03bb\u03b1\u03af\u03c3\u03b9\u03bf \u03bc\u03b9\u03b1\u03c2 \u03b5\u03c4\u03b1\u03b9\u03c1\u03b5\u03af\u03b1\u03c2 \u03c4\u03bf\u03c5 \u03bf\u03bc\u03af\u03bb\u03bf\u03c5. \u03a0\u03c1\u03bf\u03ba\u03b5\u03b9\u03bc\u03ad\u03bd\u03bf\u03c5 \u03bd\u03b1 \u03c0\u03b1\u03c1\u03ad\u03c7\u03bf\u03c5\u03bc\u03b5 \u03c3\u03c4\u03bf\u03c5\u03c2 \u03c0\u03b5\u03bb\u03ac\u03c4\u03b5\u03c2 \u03bc\u03b1\u03c2 \u03c4\u03b7\u03bd \u03c5\u03c8\u03b7\u03bb\u03cc\u03c4\u03b5\u03c1\u03b7 \u03c0\u03bf\u03b9\u03cc\u03c4\u03b7\u03c4\u03b1 \u03ba\u03b1\u03b9 \u03c5\u03b3\u03b9\u03b5\u03b9\u03bd\u03ae, \u03b7 \u03c0\u03b1\u03c1\u03b1\u03b3\u03c9\u03b3\u03ae \u03c0\u03c1\u03b1\u03b3\u03bc\u03b1\u03c4\u03bf\u03c0\u03bf\u03b9\u03b5\u03af\u03c4\u03b1\u03b9 \u03c3\u03c4\u03bf \u03c5\u03c0\u03b5\u03c1\u03c3\u03cd\u03b3\u03c7\u03c1\u03bf\u03bd\u03bf \u03b1\u03c5\u03c4\u03cc\u03bc\u03b1\u03c4\u03bf \u03bc\u03b7\u03c7\u03b1\u03bd\u03bf\u03c3\u03c4\u03ac\u03c3\u03b9\u03bf. \u03a4\u03b1 \u03c0\u03c1\u03bf\u03ca\u03cc\u03bd\u03c4\u03b1 \u03bc\u03b1\u03c2 \u03c4\u03b1\u03be\u03b9\u03bd\u03bf\u03bc\u03bf\u03cd\u03bd\u03c4\u03b1\u03b9 \u03c9\u03c2 \u03b9\u03b1\u03c4\u03c1\u03b9\u03ba\u03ae \u03bc\u03ac\u03c3\u03ba\u03b1 \u03c0\u03c1\u03bf\u03c3\u03ce\u03c0\u03bf\u03c5 \u03c4\u03cd\u03c0\u03bf\u03c5 II. \u039f\u03b9 \u03c0\u03c1\u03ce\u03c4\u03b5\u03c2 \u03cd\u03bb\u03b5\u03c2 \u03c0\u03bf\u03c5 \u03c7\u03c1\u03b7\u03c3\u03b9\u03bc\u03bf\u03c0\u03bf\u03b9\u03bf\u03cd\u03bc\u03b5 \u03b5\u03af\u03bd\u03b1\u03b9 \u03c0\u03b9\u03c3\u03c4\u03bf\u03c0\u03bf\u03b9\u03b7\u03bc\u03ad\u03bd\u03b1 \u03c5\u03bb\u03b9\u03ba\u03ac \u03c0\u03bf\u03c5 \u03c0\u03bb\u03b7\u03c1\u03bf\u03cd\u03bd \u03c4\u03b9\u03c2 \u03b1\u03c0\u03b1\u03b9\u03c4\u03ae\u03c3\u03b5\u03b9\u03c2 \u03c4\u03c9\u03bd \u0395\u03c5\u03c1\u03c9\u03c0\u03b1\u03ca\u03ba\u03ce\u03bd \u03a0\u03c1\u03bf\u03c4\u03cd\u03c0\u03c9\u03bd EN14683: 2019 + AC: 2019. \u03a4\u03b1 \u03c0\u03c1\u03bf\u03ca\u03cc\u03bd\u03c4\u03b1 \u03c0\u03b1\u03c1\u03b1\u03b4\u03af\u03b4\u03bf\u03bd\u03c4\u03b1\u03b9 \u03c3\u03b5 \u03b9\u03b1\u03c4\u03c1\u03b9\u03ba\u03ad\u03c2 \u03b5\u03b3\u03ba\u03b1\u03c4\u03b1\u03c3\u03c4\u03ac\u03c3\u03b5\u03b9\u03c2, \u03c3\u03bf\u03cd\u03c0\u03b5\u03c1 \u03bc\u03ac\u03c1\u03ba\u03b5\u03c4, \u03b5\u03c0\u03b9\u03c7\u03b5\u03b9\u03c1\u03ae\u03c3\u03b5\u03b9\u03c2, \u03c3\u03c4\u03c1\u03b1\u03c4\u03b9\u03c9\u03c4\u03b9\u03ba\u03ad\u03c2 \u03b2\u03ac\u03c3\u03b5\u03b9\u03c2 \u03ba\u03b1\u03b9 \u03ba\u03c1\u03b1\u03c4\u03b9\u03ba\u03bf\u03cd\u03c2 \u03c6\u03bf\u03c1\u03b5\u03af\u03c2 \u03bc\u03ad\u03c3\u03c9 \u03c4\u03bf\u03c5 \u03ba\u03b1\u03bd\u03b1\u03bb\u03b9\u03bf\u03cd \u03b4\u03b9\u03b1\u03bd\u03bf\u03bc\u03ae\u03c2 \u03c4\u03b7\u03c2 \u03b5\u03c4\u03b1\u03b9\u03c1\u03b5\u03af\u03b1\u03c2. \u0397 Sunsel Care \u03b5\u03c0\u03b5\u03ba\u03c4\u03b5\u03af\u03bd\u03b5\u03c4\u03b1\u03b9 \u03c3\u03b5 \u03b5\u03be\u03b1\u03b3\u03c9\u03b3\u03b9\u03ba\u03ad\u03c2 \u03b1\u03b3\u03bf\u03c1\u03ad\u03c2 \u03bc\u03b5 \u03c4\u03bf 40% \u03c4\u03b7\u03c2 \u03c3\u03c5\u03bd\u03bf\u03bb\u03b9\u03ba\u03ae\u03c2 \u03c0\u03b1\u03c1\u03b1\u03b3\u03c9\u03b3\u03b9\u03ba\u03ae\u03c2 \u03c4\u03b7\u03c2 \u03b9\u03ba\u03b1\u03bd\u03cc\u03c4\u03b7\u03c4\u03b1\u03c2. \u03a7\u03ac\u03c1\u03b7 \u03c3\u03c4\u03bf \u03b5\u03be\u03b5\u03b9\u03b4\u03b9\u03ba\u03b5\u03c5\u03bc\u03ad\u03bd\u03bf \u03ba\u03b1\u03b9 \u03b1\u03c6\u03bf\u03c3\u03b9\u03c9\u03bc\u03ad\u03bd\u03bf \u03b5\u03c1\u03b3\u03b1\u03c4\u03b9\u03ba\u03cc \u03b4\u03c5\u03bd\u03b1\u03bc\u03b9\u03ba\u03cc \u03bc\u03b1\u03c2, \u03b7 \u03b5\u03c0\u03b1\u03b3\u03b3\u03b5\u03bb\u03bc\u03b1\u03c4\u03b9\u03ba\u03ae \u03bc\u03b1\u03c2 \u03c0\u03c1\u03bf\u03c3\u03ad\u03b3\u03b3\u03b9\u03c3\u03b7 \u03b2\u03c1\u03af\u03c3\u03ba\u03b5\u03c4\u03b1\u03b9 \u03c3\u03c4\u03b7\u03bd \u03c0\u03c1\u03ce\u03c4\u03b7 \u03b3\u03c1\u03b1\u03bc\u03bc\u03ae \u03c3\u03c4\u03bf\u03bd \u03ba\u03b1\u03b8\u03bf\u03c1\u03b9\u03c3\u03bc\u03cc \u03c4\u03c9\u03bd \u03b1\u03bd\u03b1\u03b3\u03ba\u03ce\u03bd \u03c4\u03c9\u03bd \u03c0\u03b5\u03bb\u03b1\u03c4\u03ce\u03bd, \u03c4\u03b7\u03c2 \u03b4\u03b9\u03b1\u03b4\u03b9\u03ba\u03b1\u03c3\u03af\u03b1\u03c2 \u03c0\u03b1\u03c1\u03b1\u03b3\u03c9\u03b3\u03ae\u03c2, \u03c4\u03b7\u03c2 \u03bb\u03ae\u03c8\u03b7\u03c2 \u03c0\u03b1\u03c1\u03b1\u03b3\u03b3\u03b5\u03bb\u03b9\u03ce\u03bd \u03ba\u03b1\u03b9 \u03c4\u03b7\u03c2 \u03c0\u03b1\u03c1\u03ac\u03b4\u03bf\u03c3\u03b7\u03c2. \u0397 \u03b1\u03c0\u03bf\u03c3\u03c4\u03bf\u03bb\u03ae \u03bc\u03b1\u03c2 \u03b5\u03af\u03bd\u03b1\u03b9 \u03bd\u03b1 \u03bc\u03b5\u03b9\u03ce\u03c3\u03bf\u03c5\u03bc\u03b5 \u03c4\u03bf\u03bd \u03ba\u03af\u03bd\u03b4\u03c5\u03bd\u03bf \u03ad\u03ba\u03b8\u03b5\u03c3\u03b7\u03c2 \u03c3\u03b5 \u03b9\u03bf\u03cd\u03c2 \u03ba\u03b1\u03b9 \u03b2\u03b1\u03ba\u03c4\u03ae\u03c1\u03b9\u03b1 \u03c0\u03b1\u03c1\u03ad\u03c7\u03bf\u03bd\u03c4\u03b1\u03c2 \u03b9\u03b1\u03c4\u03c1\u03b9\u03ba\u03ad\u03c2 \u03bc\u03ac\u03c3\u03ba\u03b5\u03c2 \u03c0\u03bf\u03c5 \u03c0\u03b1\u03c1\u03ad\u03c7\u03bf\u03c5\u03bd \u03c3\u03c4\u03bf\u03c5\u03c2 \u03b1\u03bd\u03b8\u03c1\u03ce\u03c0\u03bf\u03c5\u03c2 \u03c5\u03c8\u03b7\u03bb\u03cc \u03b5\u03c0\u03af\u03c0\u03b5\u03b4\u03bf \u03c0\u03c1\u03bf\u03c3\u03c4\u03b1\u03c3\u03af\u03b1\u03c2.<\/div><\/div><\/div>\r\n\t\t\t\t<\/div>\r\n\t\t\t<\/div>[\/vc_column][\/vc_row][vc_row disable_element=&#8221;yes&#8221; css=&#8221;.vc_custom_1612966232337{padding-top: 90px !important;}&#8221;][vc_column]<div class=\"mrbara-heading    text-small heading-style6\"><div class=\"row\"><div class=\"col-md-1 col-sm-1 col-xs-2 col-xs-offset-1 col-md-offset-1 col-sm-offset-1 col-left\"><div class=\"mr-vertical-line\" ><\/div><\/div><div class=\"col-md-8 col-sm-8 col-xs-8 col-xs-offset-1 col-md-offset-2 col-sm-offset-2 col-right\"><div class=\"title\" style=\"font-size:16px;font-weight:600;letter-spacing:10px\"><p>MARKALAR<\/p>\n<\/div><\/div><\/div><\/div>[\/vc_column][\/vc_row][vc_row disable_element=&#8221;yes&#8221; css=&#8221;.vc_custom_1612966219703{padding-top: 110px !important;padding-bottom: 160px !important;}&#8221;][vc_column]<div class=\"mrbara-image-carousel  style-1\"><div class=\"mrbara-owl-list\" id=\"images-carousel-69e45eab98ecb\"><div class=\"image-item\"><a href=\"\" target=\"_self\"><img alt=\"5215\"  src=\"https:\/\/sunselcare.com\/wp-content\/uploads\/2016\/06\/img-carosel1.jpg\"><\/a><\/div><div class=\"image-item\"><a  target=\"_self\"><img alt=\"5216\"  src=\"https:\/\/sunselcare.com\/wp-content\/uploads\/2016\/06\/img-carosel2.jpg\"><\/a><\/div><div class=\"image-item\"><a  target=\"_self\"><img alt=\"5217\"  src=\"https:\/\/sunselcare.com\/wp-content\/uploads\/2016\/06\/img-carosel3.jpg\"><\/a><\/div><div class=\"image-item\"><a  target=\"_self\"><img alt=\"5218\"  src=\"https:\/\/sunselcare.com\/wp-content\/uploads\/2016\/06\/img-carosel4.jpg\"><\/a><\/div><div class=\"image-item\"><a  target=\"_self\"><img alt=\"5219\"  src=\"https:\/\/sunselcare.com\/wp-content\/uploads\/2016\/06\/img-carosel5.jpg\"><\/a><\/div><div class=\"image-item\"><a  target=\"_self\"><img alt=\"5220\"  src=\"https:\/\/sunselcare.com\/wp-content\/uploads\/2016\/06\/img-carosel6.jpg\"><\/a><\/div><\/div><\/div>[\/vc_column][\/vc_row]<\/p>","protected":false},"excerpt":{"rendered":"<p>[vc_row css=&#8221;.vc_custom_1613060633838{padding-bottom: 50px !important;}&#8221;][vc_column][\/vc_column][\/vc_row][vc_row disable_element=&#8221;yes&#8221; css=&#8221;.vc_custom_1612966232337{padding-top: 90px !important;}&#8221;][vc_column][\/vc_column][\/vc_row][vc_row disable_element=&#8221;yes&#8221; css=&#8221;.vc_custom_1612966219703{padding-top: 110px !important;padding-bottom: 160px !important;}&#8221;][vc_column][\/vc_column][\/vc_row]<\/p>","protected":false},"author":1,"featured_media":0,"parent":0,"menu_order":0,"comment_status":"closed","ping_status":"closed","template":"template-full-width.php","meta":[],"yoast_head":"<!-- This site is optimized with the Yoast SEO plugin v15.2.1 - https:\/\/yoast.com\/wordpress\/plugins\/seo\/ -->\n<title>Hakk\u0131m\u0131zda | Sunsel Care<\/title>\n<meta name=\"description\" content=\"Hakk\u0131m\u0131zda k\u0131sm\u0131nda Sunsel Care ile ilgili detayl\u0131 bilgilere ula\u015fabilir ve kurumu daha yak\u0131ndan tan\u0131ma f\u0131rsat\u0131 yakalayabilirsiniz.\" \/>\n<meta name=\"robots\" content=\"index, follow, max-snippet:-1, max-image-preview:large, max-video-preview:-1\" \/>\n<link rel=\"canonical\" href=\"https:\/\/sunselcare.com\/el\/hakkimizda\/\" \/>\n<meta property=\"og:locale\" content=\"el_GR\" \/>\n<meta property=\"og:type\" content=\"article\" \/>\n<meta property=\"og:title\" content=\"Hakk\u0131m\u0131zda | Sunsel Care\" \/>\n<meta property=\"og:description\" content=\"Hakk\u0131m\u0131zda k\u0131sm\u0131nda Sunsel Care ile ilgili detayl\u0131 bilgilere ula\u015fabilir ve kurumu daha yak\u0131ndan tan\u0131ma f\u0131rsat\u0131 yakalayabilirsiniz.\" \/>\n<meta property=\"og:url\" content=\"https:\/\/sunselcare.com\/el\/hakkimizda\/\" \/>\n<meta property=\"og:site_name\" content=\"Sunsel Care\" \/>\n<meta property=\"article:modified_time\" content=\"2021-03-21T18:35:06+00:00\" \/>\n<meta name=\"twitter:card\" content=\"summary_large_image\" \/>\n<meta name=\"twitter:label1\" content=\"Written by\">\n\t<meta name=\"twitter:data1\" content=\"admin\">\n\t<meta name=\"twitter:label2\" content=\"Est. reading time\">\n\t<meta name=\"twitter:data2\" content=\"1 \u03bb\u03b5\u03c0\u03c4\u03cc\">\n<script type=\"application\/ld+json\" class=\"yoast-schema-graph\">{\"@context\":\"https:\/\/schema.org\",\"@graph\":[{\"@type\":\"Organization\",\"@id\":\"https:\/\/sunselcare.com\/#organization\",\"name\":\"Sunsel Care\",\"url\":\"https:\/\/sunselcare.com\/\",\"sameAs\":[],\"logo\":{\"@type\":\"ImageObject\",\"@id\":\"https:\/\/sunselcare.com\/#logo\",\"inLanguage\":\"el\",\"url\":\"https:\/\/sunselcare.com\/wp-content\/uploads\/2020\/12\/care.png\",\"width\":719,\"height\":645,\"caption\":\"Sunsel Care\"},\"image\":{\"@id\":\"https:\/\/sunselcare.com\/#logo\"}},{\"@type\":\"WebSite\",\"@id\":\"https:\/\/sunselcare.com\/#website\",\"url\":\"https:\/\/sunselcare.com\/\",\"name\":\"Sunsel Care\",\"description\":\"\",\"publisher\":{\"@id\":\"https:\/\/sunselcare.com\/#organization\"},\"potentialAction\":[{\"@type\":\"SearchAction\",\"target\":\"https:\/\/sunselcare.com\/?s={search_term_string}\",\"query-input\":\"required name=search_term_string\"}],\"inLanguage\":\"el\"},{\"@type\":\"WebPage\",\"@id\":\"https:\/\/sunselcare.com\/hakkimizda\/#webpage\",\"url\":\"https:\/\/sunselcare.com\/hakkimizda\/\",\"name\":\"Hakk\\u0131m\\u0131zda | Sunsel Care\",\"isPartOf\":{\"@id\":\"https:\/\/sunselcare.com\/#website\"},\"datePublished\":\"2021-03-16T23:13:46+00:00\",\"dateModified\":\"2021-03-21T18:35:06+00:00\",\"description\":\"Hakk\\u0131m\\u0131zda k\\u0131sm\\u0131nda Sunsel Care ile ilgili detayl\\u0131 bilgilere ula\\u015fabilir ve kurumu daha yak\\u0131ndan tan\\u0131ma f\\u0131rsat\\u0131 yakalayabilirsiniz.\",\"inLanguage\":\"el\",\"potentialAction\":[{\"@type\":\"ReadAction\",\"target\":[\"https:\/\/sunselcare.com\/hakkimizda\/\"]}]}]}<\/script>\n<!-- \/ Yoast SEO plugin. -->","_links":{"self":[{"href":"https:\/\/sunselcare.com\/el\/wp-json\/wp\/v2\/pages\/4684"}],"collection":[{"href":"https:\/\/sunselcare.com\/el\/wp-json\/wp\/v2\/pages"}],"about":[{"href":"https:\/\/sunselcare.com\/el\/wp-json\/wp\/v2\/types\/page"}],"author":[{"embeddable":true,"href":"https:\/\/sunselcare.com\/el\/wp-json\/wp\/v2\/users\/1"}],"replies":[{"embeddable":true,"href":"https:\/\/sunselcare.com\/el\/wp-json\/wp\/v2\/comments?post=4684"}],"version-history":[{"count":8,"href":"https:\/\/sunselcare.com\/el\/wp-json\/wp\/v2\/pages\/4684\/revisions"}],"predecessor-version":[{"id":10471,"href":"https:\/\/sunselcare.com\/el\/wp-json\/wp\/v2\/pages\/4684\/revisions\/10471"}],"wp:attachment":[{"href":"https:\/\/sunselcare.com\/el\/wp-json\/wp\/v2\/media?parent=4684"}],"curies":[{"name":"wp","href":"https:\/\/api.w.org\/{rel}","templated":true}]}}