{"id":2006,"date":"2021-03-19T18:13:03","date_gmt":"2021-03-19T15:13:03","guid":{"rendered":"http:\/\/demo.drfuri.com\/mrbara\/?page_id=2006"},"modified":"2021-03-21T21:41:25","modified_gmt":"2021-03-21T18:41:25","slug":"sss","status":"publish","type":"page","link":"https:\/\/sunselcare.com\/el\/sss\/","title":{"rendered":"\u03a3\u03c5\u03c7\u03bd\u03ad\u03c2 \u0395\u03c1\u03c9\u03c4\u03ae\u03c3\u03b5\u03b9\u03c2"},"content":{"rendered":"<p>[vc_row][vc_column]<div class=\"mrbara-heading    vc_custom_1606238875266 text-small heading-style6\"><div class=\"row\"><div class=\"col-md-1 col-sm-1 col-xs-2 col-xs-offset-1 col-md-offset-1 col-sm-offset-1 col-left\"><div class=\"mr-vertical-line\" ><\/div><\/div><div class=\"col-md-8 col-sm-8 col-xs-8 col-xs-offset-1 col-md-offset-2 col-sm-offset-2 col-right\"><div class=\"title\" style=\"font-size:18px\"><p><span class=\"primary-color\">SHIPPING INFORMATION<\/span><\/p>\n<\/div><\/div><\/div><\/div>[\/vc_column][\/vc_row][vc_row][vc_column width=&#8221;2\/12&#8243;][\/vc_column][vc_column width=&#8221;8\/12&#8243;][vc_empty_space][vc_toggle title=&#8221;What Shipping Methods Are Available?&#8221; style=&#8221;text_only&#8221; size=&#8221;lg&#8221; open=&#8221;true&#8221; el_id=&#8221;1464939184208-3761b6d5-e09b&#8221;]Lorem ipsum dolor sit amet, consectetur adipiscing elit. Morbi feugiat molestie ex quis finibus. Quisque tincidunt dolor ut convallis lobortis. Proin ullamcorper eros ac ultrices imperdiet. Vivamus eros nibh, dictum sed venenatis vitae, ornare eget magna. Etiam mattis, felis eu interdum posuere, justo neque dictum sapien, eu luctus neque nulla non ante. Quisque pharetra facilisis mauris a hendrerit. Donec rutrum maximus turpis id luctus. In gravida pulvinar elit, a auctor mauris scele[\/vc_toggle][vc_empty_space][vc_toggle title=&#8221;How Long Will It Take To Get My Package?&#8221; style=&#8221;text_only&#8221; size=&#8221;lg&#8221; open=&#8221;true&#8221; el_id=&#8221;1466409091591-468ec8ec-870d&#8221;]Swag slow-carb quinoa VHS typewriter pork belly brunch, paleo single-origin coffee Wes Anderson. Flexitarian Pitchfork forage, literally paleo fap pour-over. Wes Anderson Pinterest YOLO fanny pack meggings, deep v XOXO chambray sustainable slow-carb raw denim church-key fap chillwave Etsy. +1 typewriter kitsch, American Apppparel tofu Banksy Vice.[\/vc_toggle][\/vc_column][vc_column width=&#8221;2\/12&#8243;][\/vc_column][\/vc_row][vc_row css=&#8221;.vc_custom_1466410058775{padding-top: 50px !important;}&#8221;][vc_column]<div class=\"mrbara-heading    vc_custom_1476174923537 text-small heading-style6\"><div class=\"row\"><div class=\"col-md-1 col-sm-1 col-xs-2 col-xs-offset-1 col-md-offset-1 col-sm-offset-1 col-left\"><div class=\"mr-vertical-line\" ><\/div><\/div><div class=\"col-md-8 col-sm-8 col-xs-8 col-xs-offset-1 col-md-offset-2 col-sm-offset-2 col-right\"><div class=\"title\" style=\"font-size:18px\"><p><span class=\"primary-color\">PAYMENT INFORMATION<\/span><\/p>\n<\/div><\/div><\/div><\/div>[\/vc_column][\/vc_row][vc_row][vc_column width=&#8221;2\/12&#8243;][\/vc_column][vc_column width=&#8221;8\/12&#8243;][vc_empty_space][vc_toggle title=&#8221;What Payment Methods Are Accepted?&#8221; style=&#8221;text_only&#8221; size=&#8221;lg&#8221; open=&#8221;true&#8221; el_id=&#8221;1466409359126-253f0267-e56e&#8221;]Fashion axe DIY jean shorts, swag kale chips meh polaroid kogi butcher Wes Anderson chambray next level semiotics gentrify yr. Voluptate photo booth fugiat Vice. Austin sed Williamsburg, ea labore raw denim voluptate cred proident mixtape excepteur mustache. Twee chia photo booth readymade food truck, hoodie roof party swag keytar PBR DIY.[\/vc_toggle][vc_empty_space][vc_toggle title=&#8221;Is Buying On-Line Safe?&#8221; style=&#8221;text_only&#8221; size=&#8221;lg&#8221; open=&#8221;true&#8221; el_id=&#8221;1466409359223-dda6d3a7-842c&#8221;]Art party authentic freegan semiotics jean shorts chia cred. Neutra Austin roof party Brooklyn, synth Thundercats swag 8-bit photo booth. Plaid letterpress leggings craft beer meh ethical Pinterest.[\/vc_toggle][\/vc_column][vc_column width=&#8221;2\/12&#8243;][\/vc_column][\/vc_row][vc_row css=&#8221;.vc_custom_1466410066839{padding-top: 50px !important;}&#8221;][vc_column]<div class=\"mrbara-heading    vc_custom_1476174956050 text-small heading-style6\"><div class=\"row\"><div class=\"col-md-1 col-sm-1 col-xs-2 col-xs-offset-1 col-md-offset-1 col-sm-offset-1 col-left\"><div class=\"mr-vertical-line\" ><\/div><\/div><div class=\"col-md-8 col-sm-8 col-xs-8 col-xs-offset-1 col-md-offset-2 col-sm-offset-2 col-right\"><div class=\"title\" style=\"font-size:18px\"><p><span class=\"primary-color\">ORDER &amp; RETURN<\/span><\/p>\n<\/div><\/div><\/div><\/div>[\/vc_column][\/vc_row][vc_row][vc_column width=&#8221;2\/12&#8243;][\/vc_column][vc_column width=&#8221;8\/12&#8243;][vc_empty_space][vc_toggle title=&#8221;How do I place an Order?&#8221; style=&#8221;text_only&#8221; size=&#8221;lg&#8221; open=&#8221;true&#8221; el_id=&#8221;1466409520017-9cdf4f40-1da6&#8243;]Keytar cray slow-carb, Godard banh mi salvia pour-over. Slow-carb Odd Future seitan normcore. Master cleanse American Apparel gentrify flexitarian beard slow-carb next level.[\/vc_toggle][vc_empty_space][vc_toggle title=&#8221;How Can I Cancel Or Change My Order?&#8221; style=&#8221;text_only&#8221; size=&#8221;lg&#8221; open=&#8221;true&#8221; el_id=&#8221;1466409520110-973b85c2-56dd&#8221;]Plaid letterpress leggings craft beer meh ethical Pinterest[\/vc_toggle][vc_empty_space][vc_toggle title=&#8221;Do I need an account to place an order?&#8221; style=&#8221;text_only&#8221; size=&#8221;lg&#8221; open=&#8221;true&#8221; el_id=&#8221;1466409737645-6f7047d3-b7ea&#8221;]Thundercats swag 8-bit photo booth. Plaid letterpress leggings craft beer meh ethical Pinterest. Twee chia photo booth readymade food truck, hoodie roof party swag keytar PBR DIY.ray ugh 3 wolf moon fap, fashion axe irony butcher cornhole typewriter chambray VHS banjo street art Thundercats[\/vc_toggle][vc_empty_space][vc_toggle title=&#8221;How Can I Return a Product?&#8221; style=&#8221;text_only&#8221; size=&#8221;lg&#8221; open=&#8221;true&#8221; el_id=&#8221;1466409764564-5b50f205-396a&#8221;]Kale chips Truffaut Williamsburg, hashtag fixie Pinterest raw denim chambray drinking vinegar Carles street art Bushwick gastropub. Wolf Tumblr paleo church-key. Plaid food truck Echo Park YOLO bitters hella, direct trade Thundercats leggings quinoa before they sold out. You probably haven\u2019t heard of them wayfarers authentic umami drinking vinegar Pinterest Cosby sweater, fingerstache fap High Life.[\/vc_toggle][\/vc_column][vc_column width=&#8221;2\/12&#8243;][\/vc_column][\/vc_row][vc_row css=&#8221;.vc_custom_1468810483158{margin-top: 100px !important;background-color: #f0f0f0 !important;}&#8221;][vc_column]<div class=\"mrbara-cta\">\r\n\t\t\t\t<div class=\"container\">\r\n\t                <div class=\"row\">\r\n\t                    <div class=\"col-md-12 col-sm-12 col-xs-12\">\r\n\t                    \t<div class=\"cta-content\">\r\n\t                    \t \t<span class=\"cta-title\">We&#039;re Here to Help !<\/span><a class=\"link cta-btn\" href=\"#\" target=\"_blank\">Contact us<\/a>\r\n\t\t\t\t\t\t\t<\/div>\r\n\t                    <\/div>\r\n\t                <\/div>\r\n\t            <\/div>\r\n\t\t\t<\/div>[\/vc_column][\/vc_row]<\/p>","protected":false},"excerpt":{"rendered":"<p>[vc_row][vc_column][\/vc_column][\/vc_row][vc_row][vc_column width=&#8221;2\/12&#8243;][\/vc_column][vc_column width=&#8221;8\/12&#8243;][vc_empty_space][vc_toggle title=&#8221;What Shipping Methods Are Available?&#8221; style=&#8221;text_only&#8221; size=&#8221;lg&#8221; open=&#8221;true&#8221; el_id=&#8221;1464939184208-3761b6d5-e09b&#8221;]Lorem ipsum dolor sit amet, consectetur adipiscing elit. Morbi feugiat molestie ex quis finibus. Quisque tincidunt dolor ut convallis&hellip;<\/p>","protected":false},"author":1,"featured_media":0,"parent":0,"menu_order":0,"comment_status":"closed","ping_status":"closed","template":"template-full-width.php","meta":[],"yoast_head":"<!-- This site is optimized with the Yoast SEO plugin v15.2.1 - https:\/\/yoast.com\/wordpress\/plugins\/seo\/ -->\n<title>S\u0131k\u00e7a Sorulan Sorular | Sunsel Care<\/title>\n<meta name=\"description\" content=\"SSS b\u00f6l\u00fcm\u00fcnde medikal maske ve sunsel care ile ilgili merak edilen bir \u00e7ok sorunun yan\u0131t\u0131n\u0131 bulabilirsiniz.\" \/>\n<meta name=\"robots\" content=\"index, follow, max-snippet:-1, max-image-preview:large, max-video-preview:-1\" \/>\n<link rel=\"canonical\" href=\"https:\/\/sunselcare.com\/el\/sss\/\" \/>\n<meta property=\"og:locale\" content=\"el_GR\" \/>\n<meta property=\"og:type\" content=\"article\" \/>\n<meta property=\"og:title\" content=\"S\u0131k\u00e7a Sorulan Sorular | Sunsel Care\" \/>\n<meta property=\"og:description\" content=\"SSS b\u00f6l\u00fcm\u00fcnde medikal maske ve sunsel care ile ilgili merak edilen bir \u00e7ok sorunun yan\u0131t\u0131n\u0131 bulabilirsiniz.\" \/>\n<meta property=\"og:url\" content=\"https:\/\/sunselcare.com\/el\/sss\/\" \/>\n<meta property=\"og:site_name\" content=\"Sunsel Care\" \/>\n<meta property=\"article:modified_time\" content=\"2021-03-21T18:41:25+00:00\" \/>\n<meta name=\"twitter:card\" content=\"summary_large_image\" \/>\n<meta name=\"twitter:label1\" content=\"Written by\">\n\t<meta name=\"twitter:data1\" content=\"admin\">\n\t<meta name=\"twitter:label2\" content=\"Est. reading time\">\n\t<meta name=\"twitter:data2\" content=\"3 \u03bb\u03b5\u03c0\u03c4\u03ac\">\n<script type=\"application\/ld+json\" class=\"yoast-schema-graph\">{\"@context\":\"https:\/\/schema.org\",\"@graph\":[{\"@type\":\"Organization\",\"@id\":\"https:\/\/sunselcare.com\/#organization\",\"name\":\"Sunsel Care\",\"url\":\"https:\/\/sunselcare.com\/\",\"sameAs\":[],\"logo\":{\"@type\":\"ImageObject\",\"@id\":\"https:\/\/sunselcare.com\/#logo\",\"inLanguage\":\"el\",\"url\":\"https:\/\/sunselcare.com\/wp-content\/uploads\/2020\/12\/care.png\",\"width\":719,\"height\":645,\"caption\":\"Sunsel Care\"},\"image\":{\"@id\":\"https:\/\/sunselcare.com\/#logo\"}},{\"@type\":\"WebSite\",\"@id\":\"https:\/\/sunselcare.com\/#website\",\"url\":\"https:\/\/sunselcare.com\/\",\"name\":\"Sunsel Care\",\"description\":\"\",\"publisher\":{\"@id\":\"https:\/\/sunselcare.com\/#organization\"},\"potentialAction\":[{\"@type\":\"SearchAction\",\"target\":\"https:\/\/sunselcare.com\/?s={search_term_string}\",\"query-input\":\"required name=search_term_string\"}],\"inLanguage\":\"el\"},{\"@type\":\"WebPage\",\"@id\":\"https:\/\/sunselcare.com\/sss\/#webpage\",\"url\":\"https:\/\/sunselcare.com\/sss\/\",\"name\":\"S\\u0131k\\u00e7a Sorulan Sorular | Sunsel Care\",\"isPartOf\":{\"@id\":\"https:\/\/sunselcare.com\/#website\"},\"datePublished\":\"2021-03-19T15:13:03+00:00\",\"dateModified\":\"2021-03-21T18:41:25+00:00\",\"description\":\"SSS b\\u00f6l\\u00fcm\\u00fcnde medikal maske ve sunsel care ile ilgili merak edilen bir \\u00e7ok sorunun yan\\u0131t\\u0131n\\u0131 bulabilirsiniz.\",\"inLanguage\":\"el\",\"potentialAction\":[{\"@type\":\"ReadAction\",\"target\":[\"https:\/\/sunselcare.com\/sss\/\"]}]}]}<\/script>\n<!-- \/ Yoast SEO plugin. -->","_links":{"self":[{"href":"https:\/\/sunselcare.com\/el\/wp-json\/wp\/v2\/pages\/2006"}],"collection":[{"href":"https:\/\/sunselcare.com\/el\/wp-json\/wp\/v2\/pages"}],"about":[{"href":"https:\/\/sunselcare.com\/el\/wp-json\/wp\/v2\/types\/page"}],"author":[{"embeddable":true,"href":"https:\/\/sunselcare.com\/el\/wp-json\/wp\/v2\/users\/1"}],"replies":[{"embeddable":true,"href":"https:\/\/sunselcare.com\/el\/wp-json\/wp\/v2\/comments?post=2006"}],"version-history":[{"count":1,"href":"https:\/\/sunselcare.com\/el\/wp-json\/wp\/v2\/pages\/2006\/revisions"}],"predecessor-version":[{"id":10358,"href":"https:\/\/sunselcare.com\/el\/wp-json\/wp\/v2\/pages\/2006\/revisions\/10358"}],"wp:attachment":[{"href":"https:\/\/sunselcare.com\/el\/wp-json\/wp\/v2\/media?parent=2006"}],"curies":[{"name":"wp","href":"https:\/\/api.w.org\/{rel}","templated":true}]}}